{"id":1961,"date":"2019-09-03T15:10:55","date_gmt":"2019-09-03T13:10:55","guid":{"rendered":"https:\/\/tictelgrup.com\/nosaltres\/"},"modified":"2023-07-19T10:23:10","modified_gmt":"2023-07-19T08:23:10","slug":"nosaltres","status":"publish","type":"page","link":"https:\/\/tictelgrup.com\/ca\/nosaltres\/","title":{"rendered":"Nosaltres"},"content":{"rendered":"<p>[et_pb_section fb_built=&#8221;1&#8243; fullwidth=&#8221;on&#8221; next_background_color=&#8221;#ffffff&#8221; _builder_version=&#8221;3.22.3&#8243; background_image=&#8221;http:\/\/tictelgrup.com\/wp-content\/uploads\/2019\/01\/Soluciones.jpg&#8221; bottom_divider_style=&#8221;wave2&#8243;][et_pb_fullwidth_image src=&#8221;http:\/\/tictelgrup.com\/wp-content\/uploads\/2019\/02\/nosotros.jpg&#8221; _builder_version=&#8221;3.19.9&#8243;][\/et_pb_fullwidth_image][\/et_pb_section][et_pb_section fb_built=&#8221;1&#8243; admin_label=&#8221;Projects Section&#8221; _builder_version=&#8221;3.24&#8243; custom_margin=&#8221;|||&#8221; custom_padding=&#8221;0px||110px|&#8221;][et_pb_row custom_padding=&#8221;0px|||&#8221; padding_top_1=&#8221;5%&#8221; padding_bottom_1=&#8221;5%&#8221; admin_label=&#8221;Project 01&#8243; _builder_version=&#8221;3.24&#8243; background_size=&#8221;initial&#8221; background_position=&#8221;top_left&#8221; background_repeat=&#8221;repeat&#8221; custom_margin_phone=&#8221;0px||&#8221; custom_margin_last_edited=&#8221;on|phone&#8221;][et_pb_column type=&#8221;1_2&#8243; _builder_version=&#8221;3.0.47&#8243;][et_pb_text _builder_version=&#8221;3.24&#8243; text_font=&#8221;Montserrat|300|||||||&#8221; text_font_size=&#8221;18px&#8221; header_font=&#8221;Montserrat|700|||||||&#8221; header_text_color=&#8221;#008ad2&#8243; custom_margin=&#8221;0px||&#8221; custom_padding=&#8221;0px||&#8221; hover_enabled=&#8221;0&#8243; header_text_align_phone=&#8221;center&#8221; header_text_align_last_edited=&#8221;on|phone&#8221; header_line_height_last_edited=&#8221;on|phone&#8221; header_line_height_phone=&#8221;1.5em&#8221;]<\/p>\n<h1>Nosaltres<\/h1>\n<p>Som una empresa especialitzada a donar solucions integrals a mida i serveis\u00a0<span class=\"hiddenSpellError\">IT<\/span>\u00a0per a empreses que volen aprofitar la converg\u00e8ncia de les Telecomunicacions i la Inform\u00e0tica, transformant-les en avantatge competitiu. La nostra base \u00e9s donar el millor suport i soluci\u00f3 possible al client en qualsevol dels nostres productes que destaca per la seva senzillesa i varietat.<\/p>\n<p>A\u00a0<strong><span class=\"hiddenSpellError\">Tictel<\/span>\u00a0Grup<\/strong> comptem amb una plantilla jove i especialitzada la meta de la qual \u00e9s la de satisfer les necessitats dels nostres clients, posant a la seva disposici\u00f3 els coneixements t\u00e8cnics i experi\u00e8ncia per assessorar-los i trobar la millor soluci\u00f3 que puguin necessitar.<\/p>\n<p>Ens agrada innovar, i per aix\u00f2 estem sempre a l&#8217;avantguarda de les \u00faltimes tecnologies, tractant sempre de millorar els nostres productes i solucions per oferir als nostres clients.<\/p>\n<p>Som professionals del sector de les telecomunicacions i audiovisuals.<\/p>\n<p>[\/et_pb_text][\/et_pb_column][et_pb_column type=&#8221;1_2&#8243; _builder_version=&#8221;3.0.47&#8243;][et_pb_image src=&#8221;http:\/\/tictelgrup.com\/wp-content\/uploads\/2019\/05\/46489742_404923163379702_4492631852854542336_n.jpg&#8221; align_tablet=&#8221;center&#8221; align_last_edited=&#8221;on|desktop&#8221; _builder_version=&#8221;3.24&#8243; border_radii=&#8221;on|50px|50px|50px|50px&#8221; max_width_phone=&#8221;85%&#8221; max_width_last_edited=&#8221;on|phone&#8221; custom_margin=&#8221;|||&#8221; animation_style=&#8221;slide&#8221; animation_direction=&#8221;right&#8221; animation_intensity_slide=&#8221;10%&#8221; animation_starting_opacity=&#8221;100%&#8221; z_index_tablet=&#8221;500&#8243;][\/et_pb_image][\/et_pb_column][\/et_pb_row][et_pb_row custom_padding=&#8221;|||&#8221; padding_top_1=&#8221;5%&#8221; padding_bottom_1=&#8221;5%&#8221; admin_label=&#8221;Project 01&#8243; _builder_version=&#8221;3.22.3&#8243; background_size=&#8221;initial&#8221; background_position=&#8221;top_left&#8221; background_repeat=&#8221;repeat&#8221;][et_pb_column type=&#8221;1_2&#8243; _builder_version=&#8221;3.0.47&#8243;][et_pb_image src=&#8221;http:\/\/tictelgrup.com\/wp-content\/uploads\/2019\/05\/46506070_404923173379701_2693215094711517184_n.jpg&#8221; align_tablet=&#8221;center&#8221; align_last_edited=&#8221;on|desktop&#8221; _builder_version=&#8221;3.24&#8243; border_radii=&#8221;on|50px|50px|50px|50px&#8221; max_width_phone=&#8221;85%&#8221; max_width_last_edited=&#8221;on|phone&#8221; animation_style=&#8221;slide&#8221; animation_direction=&#8221;right&#8221; animation_intensity_slide=&#8221;10%&#8221; animation_starting_opacity=&#8221;100%&#8221; z_index_tablet=&#8221;500&#8243;][\/et_pb_image][\/et_pb_column][et_pb_column type=&#8221;1_2&#8243; _builder_version=&#8221;3.0.47&#8243;][et_pb_cta title=&#8221;Missi\u00f3&#8221; button_url=&#8221;#&#8221; _builder_version=&#8221;3.24&#8243; header_font=&#8221;Montserrat|700|||||||&#8221; header_text_color=&#8221;#008ad2&#8243; header_line_height=&#8221;1.5em&#8221; body_font=&#8221;Montserrat|300|||||||&#8221; body_text_color=&#8221;#747d88&#8243; body_font_size=&#8221;18px&#8221; body_line_height=&#8221;1.8em&#8221; use_background_color=&#8221;off&#8221; background_size=&#8221;initial&#8221; background_position=&#8221;top_left&#8221; background_repeat=&#8221;repeat&#8221; custom_button=&#8221;on&#8221; button_text_color=&#8221;#747d88&#8243; button_border_width=&#8221;4px&#8221; button_border_color=&#8221;#747d88&#8243; button_border_radius=&#8221;100px&#8221; button_letter_spacing=&#8221;2px&#8221; button_font=&#8221;Montserrat|700||on|||||&#8221; button_icon=&#8221;%%36%%&#8221; button_icon_color=&#8221;#747d88&#8243; text_orientation=&#8221;left&#8221; background_layout=&#8221;light&#8221; animation_style=&#8221;slide&#8221; animation_direction=&#8221;top&#8221; animation_intensity_slide=&#8221;6%&#8221; header_text_align_phone=&#8221;center&#8221; header_text_align_last_edited=&#8221;on|phone&#8221; header_font_size_last_edited=&#8221;on|phone&#8221; button_bg_color_hover=&#8221;rgba(0,0,0,0)&#8221; button_text_size__hover_enabled=&#8221;off&#8221; button_one_text_size__hover_enabled=&#8221;off&#8221; button_two_text_size__hover_enabled=&#8221;off&#8221; button_text_color__hover_enabled=&#8221;off&#8221; button_one_text_color__hover_enabled=&#8221;off&#8221; button_two_text_color__hover_enabled=&#8221;off&#8221; button_border_width__hover_enabled=&#8221;off&#8221; button_one_border_width__hover_enabled=&#8221;off&#8221; button_two_border_width__hover_enabled=&#8221;off&#8221; button_border_color__hover_enabled=&#8221;off&#8221; button_one_border_color__hover_enabled=&#8221;off&#8221; button_two_border_color__hover_enabled=&#8221;off&#8221; button_border_radius__hover_enabled=&#8221;off&#8221; button_one_border_radius__hover_enabled=&#8221;off&#8221; button_two_border_radius__hover_enabled=&#8221;off&#8221; button_letter_spacing__hover_enabled=&#8221;off&#8221; button_one_letter_spacing__hover_enabled=&#8221;off&#8221; button_two_letter_spacing__hover_enabled=&#8221;off&#8221; button_bg_color__hover_enabled=&#8221;on&#8221; button_bg_color__hover=&#8221;rgba(0,0,0,0)&#8221; button_one_bg_color__hover_enabled=&#8221;off&#8221; button_two_bg_color__hover_enabled=&#8221;off&#8221;]La nostra missi\u00f3 \u00e9s oferir innovaci\u00f3 a productes i serveis del sector de les telecomunicacions per oferir unes solucions de comunicaci\u00f3 adaptades a les necessitats del client.<\/p>\n<p>Oferim productes i serveis a un preu acord a la seva qualitat, i optimitzem els seus recursos mitjan\u00e7ant diferents solucions creades que ens ajuden a comptabilitzar costos i millorar els sistemes de comunicaci\u00f3.[\/et_pb_cta][\/et_pb_column][\/et_pb_row][et_pb_row custom_padding=&#8221;|||&#8221; padding_top_1=&#8221;5%&#8221; padding_bottom_1=&#8221;5%&#8221; admin_label=&#8221;Project 01&#8243; _builder_version=&#8221;3.22.3&#8243; background_size=&#8221;initial&#8221; background_position=&#8221;top_left&#8221; background_repeat=&#8221;repeat&#8221;][et_pb_column type=&#8221;1_2&#8243; _builder_version=&#8221;3.0.47&#8243;][et_pb_cta title=&#8221;Valors i filosofia&#8221; button_url=&#8221;#&#8221; _builder_version=&#8221;3.24&#8243; header_font=&#8221;Montserrat|700|||||||&#8221; header_text_color=&#8221;#008ad2&#8243; header_line_height=&#8221;1.5em&#8221; body_font=&#8221;Montserrat|300|||||||&#8221; body_text_color=&#8221;#747d88&#8243; body_font_size=&#8221;18px&#8221; body_line_height=&#8221;1.8em&#8221; use_background_color=&#8221;off&#8221; background_size=&#8221;initial&#8221; background_position=&#8221;top_left&#8221; background_repeat=&#8221;repeat&#8221; custom_button=&#8221;on&#8221; button_text_color=&#8221;#747d88&#8243; button_border_width=&#8221;4px&#8221; button_border_color=&#8221;#747d88&#8243; button_border_radius=&#8221;100px&#8221; button_letter_spacing=&#8221;2px&#8221; button_font=&#8221;Montserrat|700||on|||||&#8221; button_icon=&#8221;%%36%%&#8221; button_icon_color=&#8221;#747d88&#8243; text_orientation=&#8221;left&#8221; background_layout=&#8221;light&#8221; animation_style=&#8221;slide&#8221; animation_direction=&#8221;top&#8221; animation_intensity_slide=&#8221;6%&#8221; header_text_align_phone=&#8221;center&#8221; header_text_align_last_edited=&#8221;on|desktop&#8221; button_bg_color_hover=&#8221;rgba(0,0,0,0)&#8221; button_text_size__hover_enabled=&#8221;off&#8221; button_one_text_size__hover_enabled=&#8221;off&#8221; button_two_text_size__hover_enabled=&#8221;off&#8221; button_text_color__hover_enabled=&#8221;off&#8221; button_one_text_color__hover_enabled=&#8221;off&#8221; button_two_text_color__hover_enabled=&#8221;off&#8221; button_border_width__hover_enabled=&#8221;off&#8221; button_one_border_width__hover_enabled=&#8221;off&#8221; button_two_border_width__hover_enabled=&#8221;off&#8221; button_border_color__hover_enabled=&#8221;off&#8221; button_one_border_color__hover_enabled=&#8221;off&#8221; button_two_border_color__hover_enabled=&#8221;off&#8221; button_border_radius__hover_enabled=&#8221;off&#8221; button_one_border_radius__hover_enabled=&#8221;off&#8221; button_two_border_radius__hover_enabled=&#8221;off&#8221; button_letter_spacing__hover_enabled=&#8221;off&#8221; button_one_letter_spacing__hover_enabled=&#8221;off&#8221; button_two_letter_spacing__hover_enabled=&#8221;off&#8221; button_bg_color__hover_enabled=&#8221;on&#8221; button_bg_color__hover=&#8221;rgba(0,0,0,0)&#8221; button_one_bg_color__hover_enabled=&#8221;off&#8221; button_two_bg_color__hover_enabled=&#8221;off&#8221;]El servei i la satisfacci\u00f3 dels nostres clients \u00e9s la nostra ra\u00f3 de ser, \u00e9s per aix\u00f2 que en la nostra empresa valorem i transmetem uns valors que ens representen, com son la transpar\u00e8ncia, l&#8217;honestedat i la responsabilitat social corporativa.<\/p>\n<p>\u00c9s per aix\u00f2, que estem involucrats a aportar a la societat el nostre gra de sorra amb l&#8217;objectiu de millorar el m\u00f3n de forma directa a trav\u00e9s\u00a0de diferents\u00a0organitzacions i fundacions.[\/et_pb_cta][\/et_pb_column][et_pb_column type=&#8221;1_2&#8243; _builder_version=&#8221;3.0.47&#8243;][et_pb_image src=&#8221;http:\/\/tictelgrup.com\/wp-content\/uploads\/2019\/03\/valores.jpg&#8221; align=&#8221;center&#8221; align_tablet=&#8221;center&#8221; align_last_edited=&#8221;on|desktop&#8221; _builder_version=&#8221;3.24&#8243; border_radii=&#8221;on|300px|300px|300px|300px&#8221; max_width_phone=&#8221;85%&#8221; max_width_last_edited=&#8221;on|desktop&#8221; animation_style=&#8221;slide&#8221; animation_direction=&#8221;right&#8221; animation_intensity_slide=&#8221;10%&#8221; animation_starting_opacity=&#8221;100%&#8221;][\/et_pb_image][\/et_pb_column][\/et_pb_row][et_pb_row custom_padding=&#8221;|||&#8221; padding_top_1=&#8221;5%&#8221; padding_bottom_1=&#8221;5%&#8221; admin_label=&#8221;Project 01&#8243; _builder_version=&#8221;3.22.3&#8243; background_size=&#8221;initial&#8221; background_position=&#8221;top_left&#8221; background_repeat=&#8221;repeat&#8221;][et_pb_column type=&#8221;1_2&#8243; _builder_version=&#8221;3.0.47&#8243;][et_pb_image src=&#8221;http:\/\/tictelgrup.com\/wp-content\/uploads\/2019\/03\/mision.jpg&#8221; align=&#8221;center&#8221; align_tablet=&#8221;center&#8221; align_last_edited=&#8221;on|desktop&#8221; _builder_version=&#8221;3.24&#8243; border_radii=&#8221;on|300px|300px|300px|300px&#8221; max_width_phone=&#8221;85%&#8221; max_width_last_edited=&#8221;on|phone&#8221; custom_margin=&#8221;-60px|||&#8221; animation_style=&#8221;slide&#8221; animation_direction=&#8221;right&#8221; animation_intensity_slide=&#8221;10%&#8221; animation_starting_opacity=&#8221;100%&#8221;][\/et_pb_image][\/et_pb_column][et_pb_column type=&#8221;1_2&#8243; _builder_version=&#8221;3.0.47&#8243;][et_pb_cta title=&#8221;Visi\u00f3&#8221; button_url=&#8221;#&#8221; _builder_version=&#8221;3.24&#8243; header_font=&#8221;Montserrat|700|||||||&#8221; header_text_color=&#8221;#008ad2&#8243; header_line_height=&#8221;1.5em&#8221; body_font=&#8221;Montserrat|300|||||||&#8221; body_text_color=&#8221;#747d88&#8243; body_font_size=&#8221;18px&#8221; body_line_height=&#8221;1.8em&#8221; use_background_color=&#8221;off&#8221; background_size=&#8221;initial&#8221; background_position=&#8221;top_left&#8221; background_repeat=&#8221;repeat&#8221; custom_button=&#8221;on&#8221; button_text_color=&#8221;#747d88&#8243; button_border_width=&#8221;4px&#8221; button_border_color=&#8221;#747d88&#8243; button_border_radius=&#8221;100px&#8221; button_letter_spacing=&#8221;2px&#8221; button_font=&#8221;Montserrat|700||on|||||&#8221; button_icon=&#8221;%%36%%&#8221; button_icon_color=&#8221;#747d88&#8243; text_orientation=&#8221;left&#8221; background_layout=&#8221;light&#8221; animation_style=&#8221;slide&#8221; animation_direction=&#8221;top&#8221; animation_intensity_slide=&#8221;6%&#8221; header_text_align_phone=&#8221;center&#8221; header_text_align_last_edited=&#8221;on|phone&#8221; button_bg_color_hover=&#8221;rgba(0,0,0,0)&#8221; button_text_size__hover_enabled=&#8221;off&#8221; button_one_text_size__hover_enabled=&#8221;off&#8221; button_two_text_size__hover_enabled=&#8221;off&#8221; button_text_color__hover_enabled=&#8221;off&#8221; button_one_text_color__hover_enabled=&#8221;off&#8221; button_two_text_color__hover_enabled=&#8221;off&#8221; button_border_width__hover_enabled=&#8221;off&#8221; button_one_border_width__hover_enabled=&#8221;off&#8221; button_two_border_width__hover_enabled=&#8221;off&#8221; button_border_color__hover_enabled=&#8221;off&#8221; button_one_border_color__hover_enabled=&#8221;off&#8221; button_two_border_color__hover_enabled=&#8221;off&#8221; button_border_radius__hover_enabled=&#8221;off&#8221; button_one_border_radius__hover_enabled=&#8221;off&#8221; button_two_border_radius__hover_enabled=&#8221;off&#8221; button_letter_spacing__hover_enabled=&#8221;off&#8221; button_one_letter_spacing__hover_enabled=&#8221;off&#8221; button_two_letter_spacing__hover_enabled=&#8221;off&#8221; button_bg_color__hover_enabled=&#8221;on&#8221; button_bg_color__hover=&#8221;rgba(0,0,0,0)&#8221; button_one_bg_color__hover_enabled=&#8221;off&#8221; button_two_bg_color__hover_enabled=&#8221;off&#8221;]A\u00a0Tictel\u00a0Grup\u00a0volem ser una empresa lider\u00a0en la integraci\u00f3 i comercialitzaci\u00f3 de sistemes de comunicaci\u00f3 professionals per a empreses.[\/et_pb_cta][\/et_pb_column][\/et_pb_row][\/et_pb_section][et_pb_section fb_built=&#8221;1&#8243; disabled_on=&#8221;off|off|&#8221; _builder_version=&#8221;3.22.5&#8243; background_color=&#8221;#e0e0e0&#8243; z_index_tablet=&#8221;500&#8243; global_module=&#8221;542&#8243;][et_pb_row _builder_version=&#8221;3.22.3&#8243; background_size=&#8221;initial&#8221; background_position=&#8221;top_left&#8221; background_repeat=&#8221;repeat&#8221;][et_pb_column type=&#8221;1_4&#8243; _builder_version=&#8221;3.0.47&#8243;][et_pb_image src=&#8221;http:\/\/tictelgrup.com\/wp-content\/uploads\/2019\/01\/logo.png&#8221; align_tablet=&#8221;center&#8221; align_last_edited=&#8221;on|desktop&#8221; _builder_version=&#8221;3.24&#8243;][\/et_pb_image][\/et_pb_column][et_pb_column type=&#8221;1_4&#8243; _builder_version=&#8221;3.0.47&#8243;][et_pb_text _builder_version=&#8221;3.24&#8243; text_font=&#8221;Montserrat|300|||||||&#8221; text_text_color=&#8221;#000000&#8243; text_line_height=&#8221;1.1em&#8221; header_3_font=&#8221;Montserrat||||||||&#8221; header_3_text_color=&#8221;#7c7c7c&#8221; header_3_font_size=&#8221;14px&#8221;]<\/p>\n<h3 style=\"text-align: center;\">OFICINA GIRONA<\/h3>\n<p style=\"text-align: center;\">Pedret, 111 Baixos<\/p>\n<p style=\"text-align: center;\">17007 Girona<\/p>\n<p style=\"text-align: center;\"><a href=\"tel:972095945\">972 09 59 45<\/a><\/p>\n<p style=\"text-align: center;\"><a href=\"mailto:hola@tictelgrup.com\">hola@tictelgrup.com<\/a><\/p>\n<p>[\/et_pb_text][\/et_pb_column][et_pb_column type=&#8221;1_4&#8243; _builder_version=&#8221;3.0.47&#8243;][et_pb_text _builder_version=&#8221;3.24&#8243; text_font=&#8221;Montserrat|300|||||||&#8221; text_text_align=&#8221;center&#8221; text_text_color=&#8221;#000000&#8243; text_line_height=&#8221;1.1em&#8221; header_3_font=&#8221;Montserrat||||||||&#8221; header_3_text_color=&#8221;#7c7c7c&#8221; header_3_font_size=&#8221;14px&#8221;]<\/p>\n<h3>OFICINA BARCELONA<\/h3>\n<p>C\/ del Mas Durant, 64<\/p>\n<p>08042 Barcelona<\/p>\n<p><a href=\"tel:935952555\">93 595 25 55<\/a><\/p>\n<p><a href=\"mailto:hola@tictelgrup.com\">hola@tictelgrup.com<\/a><\/p>\n<p>[\/et_pb_text][\/et_pb_column][et_pb_column type=&#8221;1_4&#8243; _builder_version=&#8221;3.0.47&#8243;][et_pb_text _builder_version=&#8221;3.24&#8243; text_font=&#8221;Montserrat|300|||||||&#8221; text_text_align=&#8221;center&#8221; text_text_color=&#8221;#000000&#8243; text_line_height=&#8221;1.1em&#8221; header_3_font=&#8221;Montserrat||||||||&#8221; header_3_text_color=&#8221;#7c7c7c&#8221; header_3_font_size=&#8221;14px&#8221;]Membres de la Associaci\u00f3 d\u2019Empresaris[\/et_pb_text][et_pb_image src=&#8221;http:\/\/tictelgrup.com\/wp-content\/uploads\/2019\/01\/aee.png&#8221; url=&#8221;http:\/\/www.aeeg.cat\/ca\/&#8221; url_new_window=&#8221;on&#8221; align_tablet=&#8221;center&#8221; align_last_edited=&#8221;on|desktop&#8221; _builder_version=&#8221;3.24&#8243;][\/et_pb_image][\/et_pb_column][\/et_pb_row][\/et_pb_section]<\/p>\n","protected":false},"excerpt":{"rendered":"<p>Nosaltres Som una empresa especialitzada a donar solucions integrals a mida i serveis\u00a0IT\u00a0per a empreses que volen aprofitar la converg\u00e8ncia de les Telecomunicacions i la Inform\u00e0tica, transformant-les en avantatge competitiu. La nostra base \u00e9s donar el millor suport i soluci\u00f3 possible al client en qualsevol dels nostres productes que destaca per la seva senzillesa i [&hellip;]<\/p>\n","protected":false},"author":2,"featured_media":0,"parent":0,"menu_order":0,"comment_status":"closed","ping_status":"closed","template":"","meta":{"_et_pb_use_builder":"on","_et_pb_old_content":"","_et_gb_content_width":"","_monsterinsights_skip_tracking":false,"_monsterinsights_sitenote_active":false,"_monsterinsights_sitenote_note":"","_monsterinsights_sitenote_category":0,"_joinchat":[],"footnotes":""},"class_list":["post-1961","page","type-page","status-publish","hentry"],"yoast_head":"<!-- This site is optimized with the Yoast SEO plugin v27.1.1 - https:\/\/yoast.com\/product\/yoast-seo-wordpress\/ -->\n<title>Nosaltres &#8226; Tictel Grup<\/title>\n<meta name=\"robots\" content=\"index, follow, max-snippet:-1, max-image-preview:large, max-video-preview:-1\" \/>\n<link rel=\"canonical\" href=\"https:\/\/tictelgrup.com\/ca\/nosaltres\/\" \/>\n<meta property=\"og:locale\" content=\"ca_ES\" \/>\n<meta property=\"og:type\" content=\"article\" \/>\n<meta property=\"og:title\" content=\"Nosaltres &#8226; Tictel Grup\" \/>\n<meta property=\"og:description\" content=\"Nosaltres Som una empresa especialitzada a donar solucions integrals a mida i serveis\u00a0IT\u00a0per a empreses que volen aprofitar la converg\u00e8ncia de les Telecomunicacions i la Inform\u00e0tica, transformant-les en avantatge competitiu. La nostra base \u00e9s donar el millor suport i soluci\u00f3 possible al client en qualsevol dels nostres productes que destaca per la seva senzillesa i [&hellip;]\" \/>\n<meta property=\"og:url\" content=\"https:\/\/tictelgrup.com\/ca\/nosaltres\/\" \/>\n<meta property=\"og:site_name\" content=\"Tictel Grup\" \/>\n<meta property=\"article:publisher\" content=\"https:\/\/www.facebook.com\/TictelGrup\/\" \/>\n<meta property=\"article:modified_time\" content=\"2023-07-19T08:23:10+00:00\" \/>\n<meta name=\"twitter:card\" content=\"summary_large_image\" \/>\n<meta name=\"twitter:label1\" content=\"Temps estimat de lectura\" \/>\n\t<meta name=\"twitter:data1\" content=\"9 minuts\" \/>\n<script type=\"application\/ld+json\" class=\"yoast-schema-graph\">{\"@context\":\"https:\/\/schema.org\",\"@graph\":[{\"@type\":\"WebPage\",\"@id\":\"https:\/\/tictelgrup.com\/ca\/nosaltres\/\",\"url\":\"https:\/\/tictelgrup.com\/ca\/nosaltres\/\",\"name\":\"Nosaltres &#8226; Tictel Grup\",\"isPartOf\":{\"@id\":\"https:\/\/tictelgrup.com\/ca\/#website\"},\"datePublished\":\"2019-09-03T13:10:55+00:00\",\"dateModified\":\"2023-07-19T08:23:10+00:00\",\"breadcrumb\":{\"@id\":\"https:\/\/tictelgrup.com\/ca\/nosaltres\/#breadcrumb\"},\"inLanguage\":\"ca\",\"potentialAction\":[{\"@type\":\"ReadAction\",\"target\":[\"https:\/\/tictelgrup.com\/ca\/nosaltres\/\"]}]},{\"@type\":\"BreadcrumbList\",\"@id\":\"https:\/\/tictelgrup.com\/ca\/nosaltres\/#breadcrumb\",\"itemListElement\":[{\"@type\":\"ListItem\",\"position\":1,\"name\":\"Portada\",\"item\":\"https:\/\/tictelgrup.com\/ca\/?lang=ca\"},{\"@type\":\"ListItem\",\"position\":2,\"name\":\"Nosaltres\"}]},{\"@type\":\"WebSite\",\"@id\":\"https:\/\/tictelgrup.com\/ca\/#website\",\"url\":\"https:\/\/tictelgrup.com\/ca\/\",\"name\":\"Tictel Grup\",\"description\":\"\",\"publisher\":{\"@id\":\"https:\/\/tictelgrup.com\/ca\/#organization\"},\"potentialAction\":[{\"@type\":\"SearchAction\",\"target\":{\"@type\":\"EntryPoint\",\"urlTemplate\":\"https:\/\/tictelgrup.com\/ca\/?s={search_term_string}\"},\"query-input\":{\"@type\":\"PropertyValueSpecification\",\"valueRequired\":true,\"valueName\":\"search_term_string\"}}],\"inLanguage\":\"ca\"},{\"@type\":\"Organization\",\"@id\":\"https:\/\/tictelgrup.com\/ca\/#organization\",\"name\":\"TicTel Grup\",\"url\":\"https:\/\/tictelgrup.com\/ca\/\",\"logo\":{\"@type\":\"ImageObject\",\"inLanguage\":\"ca\",\"@id\":\"https:\/\/tictelgrup.com\/ca\/#\/schema\/logo\/image\/\",\"url\":\"https:\/\/tictelgrup.com\/wp-content\/uploads\/2019\/01\/logo.png\",\"contentUrl\":\"https:\/\/tictelgrup.com\/wp-content\/uploads\/2019\/01\/logo.png\",\"width\":167,\"height\":109,\"caption\":\"TicTel Grup\"},\"image\":{\"@id\":\"https:\/\/tictelgrup.com\/ca\/#\/schema\/logo\/image\/\"},\"sameAs\":[\"https:\/\/www.facebook.com\/TictelGrup\/\"]}]}<\/script>\n<!-- \/ Yoast SEO plugin. -->","yoast_head_json":{"title":"Nosaltres &#8226; Tictel Grup","robots":{"index":"index","follow":"follow","max-snippet":"max-snippet:-1","max-image-preview":"max-image-preview:large","max-video-preview":"max-video-preview:-1"},"canonical":"https:\/\/tictelgrup.com\/ca\/nosaltres\/","og_locale":"ca_ES","og_type":"article","og_title":"Nosaltres &#8226; Tictel Grup","og_description":"Nosaltres Som una empresa especialitzada a donar solucions integrals a mida i serveis\u00a0IT\u00a0per a empreses que volen aprofitar la converg\u00e8ncia de les Telecomunicacions i la Inform\u00e0tica, transformant-les en avantatge competitiu. La nostra base \u00e9s donar el millor suport i soluci\u00f3 possible al client en qualsevol dels nostres productes que destaca per la seva senzillesa i [&hellip;]","og_url":"https:\/\/tictelgrup.com\/ca\/nosaltres\/","og_site_name":"Tictel Grup","article_publisher":"https:\/\/www.facebook.com\/TictelGrup\/","article_modified_time":"2023-07-19T08:23:10+00:00","twitter_card":"summary_large_image","twitter_misc":{"Temps estimat de lectura":"9 minuts"},"schema":{"@context":"https:\/\/schema.org","@graph":[{"@type":"WebPage","@id":"https:\/\/tictelgrup.com\/ca\/nosaltres\/","url":"https:\/\/tictelgrup.com\/ca\/nosaltres\/","name":"Nosaltres &#8226; Tictel Grup","isPartOf":{"@id":"https:\/\/tictelgrup.com\/ca\/#website"},"datePublished":"2019-09-03T13:10:55+00:00","dateModified":"2023-07-19T08:23:10+00:00","breadcrumb":{"@id":"https:\/\/tictelgrup.com\/ca\/nosaltres\/#breadcrumb"},"inLanguage":"ca","potentialAction":[{"@type":"ReadAction","target":["https:\/\/tictelgrup.com\/ca\/nosaltres\/"]}]},{"@type":"BreadcrumbList","@id":"https:\/\/tictelgrup.com\/ca\/nosaltres\/#breadcrumb","itemListElement":[{"@type":"ListItem","position":1,"name":"Portada","item":"https:\/\/tictelgrup.com\/ca\/?lang=ca"},{"@type":"ListItem","position":2,"name":"Nosaltres"}]},{"@type":"WebSite","@id":"https:\/\/tictelgrup.com\/ca\/#website","url":"https:\/\/tictelgrup.com\/ca\/","name":"Tictel Grup","description":"","publisher":{"@id":"https:\/\/tictelgrup.com\/ca\/#organization"},"potentialAction":[{"@type":"SearchAction","target":{"@type":"EntryPoint","urlTemplate":"https:\/\/tictelgrup.com\/ca\/?s={search_term_string}"},"query-input":{"@type":"PropertyValueSpecification","valueRequired":true,"valueName":"search_term_string"}}],"inLanguage":"ca"},{"@type":"Organization","@id":"https:\/\/tictelgrup.com\/ca\/#organization","name":"TicTel Grup","url":"https:\/\/tictelgrup.com\/ca\/","logo":{"@type":"ImageObject","inLanguage":"ca","@id":"https:\/\/tictelgrup.com\/ca\/#\/schema\/logo\/image\/","url":"https:\/\/tictelgrup.com\/wp-content\/uploads\/2019\/01\/logo.png","contentUrl":"https:\/\/tictelgrup.com\/wp-content\/uploads\/2019\/01\/logo.png","width":167,"height":109,"caption":"TicTel Grup"},"image":{"@id":"https:\/\/tictelgrup.com\/ca\/#\/schema\/logo\/image\/"},"sameAs":["https:\/\/www.facebook.com\/TictelGrup\/"]}]}},"_links":{"self":[{"href":"https:\/\/tictelgrup.com\/ca\/wp-json\/wp\/v2\/pages\/1961","targetHints":{"allow":["GET"]}}],"collection":[{"href":"https:\/\/tictelgrup.com\/ca\/wp-json\/wp\/v2\/pages"}],"about":[{"href":"https:\/\/tictelgrup.com\/ca\/wp-json\/wp\/v2\/types\/page"}],"author":[{"embeddable":true,"href":"https:\/\/tictelgrup.com\/ca\/wp-json\/wp\/v2\/users\/2"}],"replies":[{"embeddable":true,"href":"https:\/\/tictelgrup.com\/ca\/wp-json\/wp\/v2\/comments?post=1961"}],"version-history":[{"count":4,"href":"https:\/\/tictelgrup.com\/ca\/wp-json\/wp\/v2\/pages\/1961\/revisions"}],"predecessor-version":[{"id":239945,"href":"https:\/\/tictelgrup.com\/ca\/wp-json\/wp\/v2\/pages\/1961\/revisions\/239945"}],"wp:attachment":[{"href":"https:\/\/tictelgrup.com\/ca\/wp-json\/wp\/v2\/media?parent=1961"}],"curies":[{"name":"wp","href":"https:\/\/api.w.org\/{rel}","templated":true}]}}