{"id":1977,"date":"2019-09-03T15:58:59","date_gmt":"2019-09-03T13:58:59","guid":{"rendered":"https:\/\/tictelgrup.com\/reconeixement-vocal\/"},"modified":"2023-10-05T15:14:21","modified_gmt":"2023-10-05T13:14:21","slug":"reconeixement-vocal","status":"publish","type":"page","link":"https:\/\/tictelgrup.com\/ca\/reconeixement-vocal\/","title":{"rendered":"Reconeixement vocal"},"content":{"rendered":"<p>[et_pb_section fb_built=&#8221;1&#8243; fullwidth=&#8221;on&#8221; next_background_color=&#8221;#ffffff&#8221; _builder_version=&#8221;4.16&#8243; background_image=&#8221;https:\/\/tictelgrup.com\/wp-content\/uploads\/2019\/01\/Soluciones.jpg&#8221; bottom_divider_style=&#8221;wave2&#8243; global_colors_info=&#8221;{}&#8221;][et_pb_fullwidth_image src=&#8221;https:\/\/tictelgrup.com\/wp-content\/uploads\/2019\/02\/reconocimeinto.jpg&#8221; _builder_version=&#8221;4.16&#8243; global_colors_info=&#8221;{}&#8221;][\/et_pb_fullwidth_image][\/et_pb_section][et_pb_section fb_built=&#8221;1&#8243; custom_padding_last_edited=&#8221;on|desktop&#8221; admin_label=&#8221;F.A.Q.&#8221; _builder_version=&#8221;4.16&#8243; custom_padding=&#8221;54px|0px|100px|0px|false|false&#8221; custom_padding_tablet=&#8221;&#8221; custom_padding_phone=&#8221;0px||&#8221; global_colors_info=&#8221;{}&#8221;][et_pb_row custom_padding_last_edited=&#8221;on|desktop&#8221; _builder_version=&#8221;4.16&#8243; custom_padding_tablet=&#8221;&#8221; custom_padding_phone=&#8221;0px||&#8221; global_colors_info=&#8221;{}&#8221;][et_pb_column type=&#8221;4_4&#8243; _builder_version=&#8221;4.16&#8243; custom_padding=&#8221;|||&#8221; global_colors_info=&#8221;{}&#8221; custom_padding__hover=&#8221;|||&#8221;][et_pb_text _builder_version=&#8221;4.16&#8243; text_line_height=&#8221;2em&#8221; header_font=&#8221;Montserrat|700|||||||&#8221; header_text_color=&#8221;#008ad2 &#8221; header_2_font=&#8221;Montserrat|600|||||||&#8221; header_2_text_color=&#8221;#008ad2&#8243; header_2_font_size=&#8221;40px&#8221; header_2_line_height=&#8221;1.4em&#8221; header_3_font=&#8221;Poppins|600||on|||||&#8221; header_3_text_color=&#8221;#ff885a&#8221; header_3_font_size=&#8221;13px&#8221; header_3_letter_spacing=&#8221;2px&#8221; header_3_line_height=&#8221;1.8em&#8221; text_orientation=&#8221;center&#8221; max_width=&#8221;700px&#8221; module_alignment=&#8221;center&#8221; header_2_font_size_tablet=&#8221;26px&#8221; header_2_font_size_phone=&#8221;20px&#8221; header_2_font_size_last_edited=&#8221;on|phone&#8221; locked=&#8221;off&#8221; global_colors_info=&#8221;{}&#8221;]<\/p>\n<h1 style=\"text-align: center;\"><strong>\u00a0Reconeixement vocal<\/strong><\/h1>\n<p>[\/et_pb_text][et_pb_text _builder_version=&#8221;4.16&#8243; text_font=&#8221;Montserrat|300|||||||&#8221; text_text_color=&#8221;#797979&#8243; text_line_height=&#8221;1.9em&#8221; header_font=&#8221;Montserrat|600|||||||&#8221; header_text_align=&#8221;center&#8221; header_text_color=&#8221;#028ed0&#8243; z_index_tablet=&#8221;500&#8243; text_text_shadow_horizontal_length_tablet=&#8221;0px&#8221; text_text_shadow_vertical_length_tablet=&#8221;0px&#8221; text_text_shadow_blur_strength_tablet=&#8221;1px&#8221; link_text_shadow_horizontal_length_tablet=&#8221;0px&#8221; link_text_shadow_vertical_length_tablet=&#8221;0px&#8221; link_text_shadow_blur_strength_tablet=&#8221;1px&#8221; ul_text_shadow_horizontal_length_tablet=&#8221;0px&#8221; ul_text_shadow_vertical_length_tablet=&#8221;0px&#8221; ul_text_shadow_blur_strength_tablet=&#8221;1px&#8221; ol_text_shadow_horizontal_length_tablet=&#8221;0px&#8221; ol_text_shadow_vertical_length_tablet=&#8221;0px&#8221; ol_text_shadow_blur_strength_tablet=&#8221;1px&#8221; quote_text_shadow_horizontal_length_tablet=&#8221;0px&#8221; quote_text_shadow_vertical_length_tablet=&#8221;0px&#8221; quote_text_shadow_blur_strength_tablet=&#8221;1px&#8221; header_text_shadow_horizontal_length_tablet=&#8221;0px&#8221; header_text_shadow_vertical_length_tablet=&#8221;0px&#8221; header_text_shadow_blur_strength_tablet=&#8221;1px&#8221; header_2_text_shadow_horizontal_length_tablet=&#8221;0px&#8221; header_2_text_shadow_vertical_length_tablet=&#8221;0px&#8221; header_2_text_shadow_blur_strength_tablet=&#8221;1px&#8221; header_3_text_shadow_horizontal_length_tablet=&#8221;0px&#8221; header_3_text_shadow_vertical_length_tablet=&#8221;0px&#8221; header_3_text_shadow_blur_strength_tablet=&#8221;1px&#8221; header_4_text_shadow_horizontal_length_tablet=&#8221;0px&#8221; header_4_text_shadow_vertical_length_tablet=&#8221;0px&#8221; header_4_text_shadow_blur_strength_tablet=&#8221;1px&#8221; header_5_text_shadow_horizontal_length_tablet=&#8221;0px&#8221; header_5_text_shadow_vertical_length_tablet=&#8221;0px&#8221; header_5_text_shadow_blur_strength_tablet=&#8221;1px&#8221; header_6_text_shadow_horizontal_length_tablet=&#8221;0px&#8221; header_6_text_shadow_vertical_length_tablet=&#8221;0px&#8221; header_6_text_shadow_blur_strength_tablet=&#8221;1px&#8221; box_shadow_horizontal_tablet=&#8221;0px&#8221; box_shadow_vertical_tablet=&#8221;0px&#8221; box_shadow_blur_tablet=&#8221;40px&#8221; box_shadow_spread_tablet=&#8221;0px&#8221; global_colors_info=&#8221;{}&#8221;]I si poguessis millorar radicalment el teu servei d&#8217;atenci\u00f3 telef\u00f2nica? La <strong>tecnologia de Reconeixement Vocal (ASR)<\/strong> \u00e9s la forma de comunicaci\u00f3 amb dispositius de major creixement en el mercat.<\/p>\n<p>\u00c9s la manera m\u00e9s natural d&#8217;interactuar amb m\u00e0quines i est\u00e0 despla\u00e7ant a poc a poc a altres modalitats m\u00e9s tradicionals.<\/p>\n<p>A\u00a0<strong>Tictel<\/strong><strong>\u00a0Grup<\/strong> posem a la teva disposici\u00f3 una revolucion\u00e0ria tecnologia en el m\u00f3n de les aplicacions telef\u00f2niques i d&#8217;atenci\u00f3 al client. La nostra aplicaci\u00f3\u00a0ASR\u00a0(Automatic\u00a0Speech\u00a0Recognition) converteix les paraules parlades a text perqu\u00e8 la teva soluci\u00f3 a\u00a0IVR\u00a0(Resposta de Veu Interactiva) digitalitzi i interpreti el missatge. Junt amb aix\u00f2, la integraci\u00f3 dels motors de veu permet als que truquen obtenir r\u00e0pidament la informaci\u00f3 que necessiten mitjan\u00e7ant senzills comandaments per paraules o accedir c\u00f2modament a l&#8217;agent o departament que desitgen. Tot all\u00f2, en una soluci\u00f3 de pagament per \u00fas que s&#8217;adapta a les caracter\u00edstiques del teu equip i el teu negoci.<\/p>\n<p>Amb la tecnologia\u00a0ASR\u00a0ja \u00e9s possible un &#8220;di\u00e0leg&#8221; menys robotitzat i m\u00e9s senzill.<br \/>\n[\/et_pb_text][\/et_pb_column][\/et_pb_row][\/et_pb_section][et_pb_section fb_built=&#8221;1&#8243; prev_background_color=&#8221;#ffffff&#8221; next_background_color=&#8221;#e0e0e0&#8243; admin_label=&#8221;Reservations&#8221; _builder_version=&#8221;4.16&#8243; use_background_color_gradient=&#8221;on&#8221; background_color_gradient_direction=&#8221;150deg&#8221; background_color_gradient_stops=&#8221;#ffffff 25%|rgba(38,46,53,0) 100%&#8221; background_color_gradient_overlays_image=&#8221;on&#8221; background_color_gradient_start=&#8221;#ffffff&#8221; background_color_gradient_start_position=&#8221;25%&#8221; background_color_gradient_end=&#8221;rgba(38,46,53,0)&#8221; background_image=&#8221;https:\/\/tictelgrup.com\/wp-content\/uploads\/2019\/02\/reconocimeinto.jpg&#8221; custom_padding=&#8221;5vw|0px|8vw|0px&#8221; top_divider_style=&#8221;wave2&#8243; bottom_divider_style=&#8221;wave2&#8243; global_colors_info=&#8221;{}&#8221;][et_pb_row column_structure=&#8221;1_2,1_2&#8243; use_custom_gutter=&#8221;on&#8221; make_equal=&#8221;on&#8221; _builder_version=&#8221;4.16&#8243; min_height=&#8221;100px&#8221; global_colors_info=&#8221;{}&#8221;][et_pb_column type=&#8221;1_2&#8243; _builder_version=&#8221;4.16&#8243; custom_padding=&#8221;|||&#8221; global_colors_info=&#8221;{}&#8221; custom_padding__hover=&#8221;|||&#8221;][\/et_pb_column][et_pb_column type=&#8221;1_2&#8243; _builder_version=&#8221;4.16&#8243; custom_padding=&#8221;|||&#8221; custom_padding_tablet=&#8221;0px||0px||true&#8221; global_colors_info=&#8221;{}&#8221; custom_padding__hover=&#8221;|||&#8221;][\/et_pb_column][\/et_pb_row][\/et_pb_section][et_pb_section fb_built=&#8221;1&#8243; disabled_on=&#8221;off|off|&#8221; _builder_version=&#8221;4.16&#8243; background_color=&#8221;#e0e0e0&#8243; z_index_tablet=&#8221;500&#8243; global_colors_info=&#8221;{}&#8221;][et_pb_row column_structure=&#8221;1_4,1_4,1_4,1_4&#8243; _builder_version=&#8221;4.16&#8243; background_size=&#8221;initial&#8221; background_position=&#8221;top_left&#8221; background_repeat=&#8221;repeat&#8221; global_colors_info=&#8221;{}&#8221;][et_pb_column type=&#8221;1_4&#8243; _builder_version=&#8221;4.16&#8243; custom_padding=&#8221;|||&#8221; global_colors_info=&#8221;{}&#8221; custom_padding__hover=&#8221;|||&#8221;][et_pb_image src=&#8221;https:\/\/tictelgrup.com\/wp-content\/uploads\/2019\/01\/logo.png&#8221; align_tablet=&#8221;center&#8221; align_phone=&#8221;&#8221; align_last_edited=&#8221;on|desktop&#8221; _builder_version=&#8221;4.16&#8243; global_colors_info=&#8221;{}&#8221;][\/et_pb_image][\/et_pb_column][et_pb_column type=&#8221;1_4&#8243; _builder_version=&#8221;4.16&#8243; custom_padding=&#8221;|||&#8221; global_colors_info=&#8221;{}&#8221; custom_padding__hover=&#8221;|||&#8221;][et_pb_text _builder_version=&#8221;4.21.0&#8243; text_font=&#8221;Montserrat|300|||||||&#8221; text_text_color=&#8221;#000000&#8243; text_line_height=&#8221;1.1em&#8221; header_3_font=&#8221;Montserrat||||||||&#8221; header_3_text_color=&#8221;#7c7c7c&#8221; header_3_font_size=&#8221;14px&#8221; hover_enabled=&#8221;0&#8243; global_colors_info=&#8221;{}&#8221; sticky_enabled=&#8221;0&#8243;]<\/p>\n<h3 style=\"text-align: center;\">OFICINA GIRONA<\/h3>\n<p style=\"text-align: center;\"><span><span class=\"ui-provider ec bmx bhc bmy bmz bna bnb bnc bnd bne bnf bng bnh bni bnj bnk bnl bnm bnn bno bnp bnq bnr bns bnt bnu bnv bnw bnx bny bnz boa bob boc bod\" dir=\"ltr\">C\/ Mas Plent\u00eds, 14b<\/span><\/span><\/p>\n<p style=\"text-align: center;\"><span><span class=\"ui-provider ec bmx bhc bmy bmz bna bnb bnc bnd bne bnf bng bnh bni bnj bnk bnl bnm bnn bno bnp bnq bnr bns bnt bnu bnv bnw bnx bny bnz boa bob boc bod\" dir=\"ltr\">17458 Fornells de la Selva<\/span><\/span><\/p>\n<p style=\"text-align: center;\"><a href=\"tel:972095945\">972 09 59 45<\/a><\/p>\n<p style=\"text-align: center;\"><a href=\"mailto:hola@tictelgrup.com\">hola@tictelgrup.com<\/a><\/p>\n<p>[\/et_pb_text][\/et_pb_column][et_pb_column type=&#8221;1_4&#8243; _builder_version=&#8221;4.16&#8243; custom_padding=&#8221;|||&#8221; global_colors_info=&#8221;{}&#8221; custom_padding__hover=&#8221;|||&#8221;][et_pb_text _builder_version=&#8221;4.16&#8243; text_font=&#8221;Montserrat|300|||||||&#8221; text_text_color=&#8221;#000000&#8243; text_line_height=&#8221;1.1em&#8221; header_3_font=&#8221;Montserrat||||||||&#8221; header_3_text_color=&#8221;#7c7c7c&#8221; header_3_font_size=&#8221;14px&#8221; text_orientation=&#8221;center&#8221; text_text_align=&#8221;center&#8221; global_colors_info=&#8221;{}&#8221;]<\/p>\n<h3>OFICINA BARCELONA<\/h3>\n<p>C\/ del Mas Durant, 64<\/p>\n<p>08042 Barcelona<\/p>\n<p><a href=\"tel:935952555\">93 595 25 55<\/a><\/p>\n<p><a href=\"mailto:hola@tictelgrup.com\">hola@tictelgrup.com<\/a><\/p>\n<p>[\/et_pb_text][\/et_pb_column][et_pb_column type=&#8221;1_4&#8243; _builder_version=&#8221;4.16&#8243; custom_padding=&#8221;|||&#8221; global_colors_info=&#8221;{}&#8221; custom_padding__hover=&#8221;|||&#8221;][et_pb_text _builder_version=&#8221;4.16&#8243; text_font=&#8221;Montserrat|300|||||||&#8221; text_text_color=&#8221;#000000&#8243; text_line_height=&#8221;1.1em&#8221; header_3_font=&#8221;Montserrat||||||||&#8221; header_3_text_color=&#8221;#7c7c7c&#8221; header_3_font_size=&#8221;14px&#8221; text_orientation=&#8221;center&#8221; text_text_align=&#8221;center&#8221; global_colors_info=&#8221;{}&#8221;]Membres de la Associaci\u00f3 d\u2019Empresaris[\/et_pb_text][et_pb_image src=&#8221;https:\/\/tictelgrup.com\/wp-content\/uploads\/2019\/01\/aee.png&#8221; url=&#8221;http:\/\/www.aeeg.cat\/ca\/&#8221; url_new_window=&#8221;on&#8221; align_tablet=&#8221;center&#8221; align_phone=&#8221;&#8221; align_last_edited=&#8221;on|desktop&#8221; _builder_version=&#8221;4.16&#8243; global_colors_info=&#8221;{}&#8221;][\/et_pb_image][\/et_pb_column][\/et_pb_row][\/et_pb_section]<\/p>\n","protected":false},"excerpt":{"rendered":"<p>\u00a0Reconeixement vocalI si poguessis millorar radicalment el teu servei d&#8217;atenci\u00f3 telef\u00f2nica? La tecnologia de Reconeixement Vocal (ASR) \u00e9s la forma de comunicaci\u00f3 amb dispositius de major creixement en el mercat. \u00c9s la manera m\u00e9s natural d&#8217;interactuar amb m\u00e0quines i est\u00e0 despla\u00e7ant a poc a poc a altres modalitats m\u00e9s tradicionals. A\u00a0Tictel\u00a0Grup posem a la teva [&hellip;]<\/p>\n","protected":false},"author":2,"featured_media":0,"parent":0,"menu_order":0,"comment_status":"closed","ping_status":"closed","template":"","meta":{"_et_pb_use_builder":"on","_et_pb_old_content":"","_et_gb_content_width":"","_monsterinsights_skip_tracking":false,"_monsterinsights_sitenote_active":false,"_monsterinsights_sitenote_note":"","_monsterinsights_sitenote_category":0,"_joinchat":[],"footnotes":""},"class_list":["post-1977","page","type-page","status-publish","hentry"],"yoast_head":"<!-- This site is optimized with the Yoast SEO plugin v27.1.1 - https:\/\/yoast.com\/product\/yoast-seo-wordpress\/ -->\n<title>Reconeixement vocal &#8226; Tictel Grup<\/title>\n<meta name=\"description\" content=\"I si poguessis millorar radicalment el teu servei d&#039;atenci\u00f3 telef\u00f2nica? La tecnologia de Reconeixement Vocal (ASR) \u00e9s la forma de comunicaci\u00f3 amb dispositius de major creixement en el mercat.\" \/>\n<meta name=\"robots\" content=\"index, follow, max-snippet:-1, max-image-preview:large, max-video-preview:-1\" \/>\n<link rel=\"canonical\" href=\"https:\/\/tictelgrup.com\/ca\/reconeixement-vocal\/\" \/>\n<meta property=\"og:locale\" content=\"ca_ES\" \/>\n<meta property=\"og:type\" content=\"article\" \/>\n<meta property=\"og:title\" content=\"Reconeixement vocal &#8226; Tictel Grup\" \/>\n<meta property=\"og:description\" content=\"I si poguessis millorar radicalment el teu servei d&#039;atenci\u00f3 telef\u00f2nica? La tecnologia de Reconeixement Vocal (ASR) \u00e9s la forma de comunicaci\u00f3 amb dispositius de major creixement en el mercat.\" \/>\n<meta property=\"og:url\" content=\"https:\/\/tictelgrup.com\/ca\/reconeixement-vocal\/\" \/>\n<meta property=\"og:site_name\" content=\"Tictel Grup\" \/>\n<meta property=\"article:publisher\" content=\"https:\/\/www.facebook.com\/TictelGrup\/\" \/>\n<meta property=\"article:modified_time\" content=\"2023-10-05T13:14:21+00:00\" \/>\n<meta name=\"twitter:card\" content=\"summary_large_image\" \/>\n<meta name=\"twitter:label1\" content=\"Temps estimat de lectura\" \/>\n\t<meta name=\"twitter:data1\" content=\"6 minuts\" \/>\n<script type=\"application\/ld+json\" class=\"yoast-schema-graph\">{\"@context\":\"https:\/\/schema.org\",\"@graph\":[{\"@type\":\"WebPage\",\"@id\":\"https:\/\/tictelgrup.com\/ca\/reconeixement-vocal\/\",\"url\":\"https:\/\/tictelgrup.com\/ca\/reconeixement-vocal\/\",\"name\":\"Reconeixement vocal &#8226; Tictel Grup\",\"isPartOf\":{\"@id\":\"https:\/\/tictelgrup.com\/ca\/#website\"},\"datePublished\":\"2019-09-03T13:58:59+00:00\",\"dateModified\":\"2023-10-05T13:14:21+00:00\",\"description\":\"I si poguessis millorar radicalment el teu servei d'atenci\u00f3 telef\u00f2nica? La tecnologia de Reconeixement Vocal (ASR) \u00e9s la forma de comunicaci\u00f3 amb dispositius de major creixement en el mercat.\",\"breadcrumb\":{\"@id\":\"https:\/\/tictelgrup.com\/ca\/reconeixement-vocal\/#breadcrumb\"},\"inLanguage\":\"ca\",\"potentialAction\":[{\"@type\":\"ReadAction\",\"target\":[\"https:\/\/tictelgrup.com\/ca\/reconeixement-vocal\/\"]}]},{\"@type\":\"BreadcrumbList\",\"@id\":\"https:\/\/tictelgrup.com\/ca\/reconeixement-vocal\/#breadcrumb\",\"itemListElement\":[{\"@type\":\"ListItem\",\"position\":1,\"name\":\"Portada\",\"item\":\"https:\/\/tictelgrup.com\/ca\/?lang=ca\"},{\"@type\":\"ListItem\",\"position\":2,\"name\":\"Reconeixement vocal\"}]},{\"@type\":\"WebSite\",\"@id\":\"https:\/\/tictelgrup.com\/ca\/#website\",\"url\":\"https:\/\/tictelgrup.com\/ca\/\",\"name\":\"Tictel Grup\",\"description\":\"\",\"publisher\":{\"@id\":\"https:\/\/tictelgrup.com\/ca\/#organization\"},\"potentialAction\":[{\"@type\":\"SearchAction\",\"target\":{\"@type\":\"EntryPoint\",\"urlTemplate\":\"https:\/\/tictelgrup.com\/ca\/?s={search_term_string}\"},\"query-input\":{\"@type\":\"PropertyValueSpecification\",\"valueRequired\":true,\"valueName\":\"search_term_string\"}}],\"inLanguage\":\"ca\"},{\"@type\":\"Organization\",\"@id\":\"https:\/\/tictelgrup.com\/ca\/#organization\",\"name\":\"TicTel Grup\",\"url\":\"https:\/\/tictelgrup.com\/ca\/\",\"logo\":{\"@type\":\"ImageObject\",\"inLanguage\":\"ca\",\"@id\":\"https:\/\/tictelgrup.com\/ca\/#\/schema\/logo\/image\/\",\"url\":\"https:\/\/tictelgrup.com\/wp-content\/uploads\/2019\/01\/logo.png\",\"contentUrl\":\"https:\/\/tictelgrup.com\/wp-content\/uploads\/2019\/01\/logo.png\",\"width\":167,\"height\":109,\"caption\":\"TicTel Grup\"},\"image\":{\"@id\":\"https:\/\/tictelgrup.com\/ca\/#\/schema\/logo\/image\/\"},\"sameAs\":[\"https:\/\/www.facebook.com\/TictelGrup\/\"]}]}<\/script>\n<!-- \/ Yoast SEO plugin. -->","yoast_head_json":{"title":"Reconeixement vocal &#8226; Tictel Grup","description":"I si poguessis millorar radicalment el teu servei d'atenci\u00f3 telef\u00f2nica? La tecnologia de Reconeixement Vocal (ASR) \u00e9s la forma de comunicaci\u00f3 amb dispositius de major creixement en el mercat.","robots":{"index":"index","follow":"follow","max-snippet":"max-snippet:-1","max-image-preview":"max-image-preview:large","max-video-preview":"max-video-preview:-1"},"canonical":"https:\/\/tictelgrup.com\/ca\/reconeixement-vocal\/","og_locale":"ca_ES","og_type":"article","og_title":"Reconeixement vocal &#8226; Tictel Grup","og_description":"I si poguessis millorar radicalment el teu servei d'atenci\u00f3 telef\u00f2nica? La tecnologia de Reconeixement Vocal (ASR) \u00e9s la forma de comunicaci\u00f3 amb dispositius de major creixement en el mercat.","og_url":"https:\/\/tictelgrup.com\/ca\/reconeixement-vocal\/","og_site_name":"Tictel Grup","article_publisher":"https:\/\/www.facebook.com\/TictelGrup\/","article_modified_time":"2023-10-05T13:14:21+00:00","twitter_card":"summary_large_image","twitter_misc":{"Temps estimat de lectura":"6 minuts"},"schema":{"@context":"https:\/\/schema.org","@graph":[{"@type":"WebPage","@id":"https:\/\/tictelgrup.com\/ca\/reconeixement-vocal\/","url":"https:\/\/tictelgrup.com\/ca\/reconeixement-vocal\/","name":"Reconeixement vocal &#8226; Tictel Grup","isPartOf":{"@id":"https:\/\/tictelgrup.com\/ca\/#website"},"datePublished":"2019-09-03T13:58:59+00:00","dateModified":"2023-10-05T13:14:21+00:00","description":"I si poguessis millorar radicalment el teu servei d'atenci\u00f3 telef\u00f2nica? La tecnologia de Reconeixement Vocal (ASR) \u00e9s la forma de comunicaci\u00f3 amb dispositius de major creixement en el mercat.","breadcrumb":{"@id":"https:\/\/tictelgrup.com\/ca\/reconeixement-vocal\/#breadcrumb"},"inLanguage":"ca","potentialAction":[{"@type":"ReadAction","target":["https:\/\/tictelgrup.com\/ca\/reconeixement-vocal\/"]}]},{"@type":"BreadcrumbList","@id":"https:\/\/tictelgrup.com\/ca\/reconeixement-vocal\/#breadcrumb","itemListElement":[{"@type":"ListItem","position":1,"name":"Portada","item":"https:\/\/tictelgrup.com\/ca\/?lang=ca"},{"@type":"ListItem","position":2,"name":"Reconeixement vocal"}]},{"@type":"WebSite","@id":"https:\/\/tictelgrup.com\/ca\/#website","url":"https:\/\/tictelgrup.com\/ca\/","name":"Tictel Grup","description":"","publisher":{"@id":"https:\/\/tictelgrup.com\/ca\/#organization"},"potentialAction":[{"@type":"SearchAction","target":{"@type":"EntryPoint","urlTemplate":"https:\/\/tictelgrup.com\/ca\/?s={search_term_string}"},"query-input":{"@type":"PropertyValueSpecification","valueRequired":true,"valueName":"search_term_string"}}],"inLanguage":"ca"},{"@type":"Organization","@id":"https:\/\/tictelgrup.com\/ca\/#organization","name":"TicTel Grup","url":"https:\/\/tictelgrup.com\/ca\/","logo":{"@type":"ImageObject","inLanguage":"ca","@id":"https:\/\/tictelgrup.com\/ca\/#\/schema\/logo\/image\/","url":"https:\/\/tictelgrup.com\/wp-content\/uploads\/2019\/01\/logo.png","contentUrl":"https:\/\/tictelgrup.com\/wp-content\/uploads\/2019\/01\/logo.png","width":167,"height":109,"caption":"TicTel Grup"},"image":{"@id":"https:\/\/tictelgrup.com\/ca\/#\/schema\/logo\/image\/"},"sameAs":["https:\/\/www.facebook.com\/TictelGrup\/"]}]}},"_links":{"self":[{"href":"https:\/\/tictelgrup.com\/ca\/wp-json\/wp\/v2\/pages\/1977","targetHints":{"allow":["GET"]}}],"collection":[{"href":"https:\/\/tictelgrup.com\/ca\/wp-json\/wp\/v2\/pages"}],"about":[{"href":"https:\/\/tictelgrup.com\/ca\/wp-json\/wp\/v2\/types\/page"}],"author":[{"embeddable":true,"href":"https:\/\/tictelgrup.com\/ca\/wp-json\/wp\/v2\/users\/2"}],"replies":[{"embeddable":true,"href":"https:\/\/tictelgrup.com\/ca\/wp-json\/wp\/v2\/comments?post=1977"}],"version-history":[{"count":2,"href":"https:\/\/tictelgrup.com\/ca\/wp-json\/wp\/v2\/pages\/1977\/revisions"}],"predecessor-version":[{"id":239980,"href":"https:\/\/tictelgrup.com\/ca\/wp-json\/wp\/v2\/pages\/1977\/revisions\/239980"}],"wp:attachment":[{"href":"https:\/\/tictelgrup.com\/ca\/wp-json\/wp\/v2\/media?parent=1977"}],"curies":[{"name":"wp","href":"https:\/\/api.w.org\/{rel}","templated":true}]}}