{"id":2006,"date":"2019-09-04T13:21:30","date_gmt":"2019-09-04T11:21:30","guid":{"rendered":"https:\/\/tictelgrup.com\/numeracio-902\/"},"modified":"2019-09-04T13:21:30","modified_gmt":"2019-09-04T11:21:30","slug":"numeracio-902","status":"publish","type":"page","link":"https:\/\/tictelgrup.com\/ca\/numeracio-902\/","title":{"rendered":"Numeraci\u00f3 902"},"content":{"rendered":"<p>[et_pb_section fb_built=&#8221;1&#8243; fullwidth=&#8221;on&#8221; next_background_color=&#8221;#ffffff&#8221; _builder_version=&#8221;3.22.3&#8243; background_image=&#8221;https:\/\/tictelgrup.com\/wp-content\/uploads\/2019\/01\/Soluciones.jpg&#8221; bottom_divider_style=&#8221;wave2&#8243;][et_pb_fullwidth_image src=&#8221;https:\/\/tictelgrup.com\/wp-content\/uploads\/2019\/03\/902.jpg&#8221; _builder_version=&#8221;3.19.18&#8243;][\/et_pb_fullwidth_image][\/et_pb_section][et_pb_section fb_built=&#8221;1&#8243; custom_padding_last_edited=&#8221;on|desktop&#8221; admin_label=&#8221;F.A.Q.&#8221; _builder_version=&#8221;3.24&#8243; custom_padding=&#8221;54px|0px|100px|0px|false|false&#8221; custom_padding_phone=&#8221;0px||&#8221;][et_pb_row _builder_version=&#8221;3.25&#8243;][et_pb_column type=&#8221;4_4&#8243; _builder_version=&#8221;3.25&#8243; custom_padding=&#8221;|||&#8221; custom_padding__hover=&#8221;|||&#8221;][et_pb_text _builder_version=&#8221;3.24&#8243; text_line_height=&#8221;2em&#8221; header_font=&#8221;||||||||&#8221; header_text_color=&#8221;#008ad2 &#8221; header_font_size=&#8221;29px&#8221; header_line_height=&#8221;0.9em&#8221; header_2_font=&#8221;Montserrat|600|||||||&#8221; header_2_text_color=&#8221;#008ad2&#8243; header_2_font_size=&#8221;40px&#8221; header_2_line_height=&#8221;1.4em&#8221; header_3_font=&#8221;Poppins|600||on|||||&#8221; header_3_text_color=&#8221;#ff885a&#8221; header_3_font_size=&#8221;13px&#8221; header_3_letter_spacing=&#8221;2px&#8221; header_3_line_height=&#8221;1.8em&#8221; text_orientation=&#8221;center&#8221; max_width=&#8221;700px&#8221; module_alignment=&#8221;center&#8221; header_2_font_size_tablet=&#8221;26px&#8221; header_2_font_size_phone=&#8221;20px&#8221; header_2_font_size_last_edited=&#8221;on|phone&#8221; locked=&#8221;off&#8221;]<\/p>\n<h1 style=\"text-align: center;\"><strong>Numeraci\u00f3 902<\/strong><\/h1>\n<p>[\/et_pb_text][et_pb_text _builder_version=&#8221;3.19.18&#8243; text_font=&#8221;Montserrat|300|||||||&#8221; text_text_color=&#8221;#797979&#8243; text_line_height=&#8221;1.9em&#8221; header_font=&#8221;Montserrat|600|||||||&#8221; header_text_align=&#8221;center&#8221; header_text_color=&#8221;#028ed0&#8243;]<span style=\"color: #028ed0;\"><strong>Numeraci\u00f3 especial Xarxa Intel\u00b7ligent<\/strong><\/span><\/p>\n<p>Amb els serveis de numeraci\u00f3 especial de xarxa intel\u00b7ligent (RI) podr\u00e0s disposar d&#8217;un \u00fanic n\u00famero de contacte, que no mostri una localitzaci\u00f3 geogr\u00e0fica i que sigui f\u00e0cil de recordar per al client.<\/p>\n<p>Consisteix en el desviament de les trucades entrants cap a altres n\u00fameros de la xarxa p\u00fablica. \u00c9s a dir, les trucades es lliuren en nombre geogr\u00e0fic nacional.<\/p>\n<p>Els teus clients podran trucar amb les diferents tipologies de\u00a0numeraci\u00f3 <strong><span style=\"color: #028ed0;\">900<\/span>, <span style=\"color: #028ed0;\">901<\/span> <\/strong>i<strong><span style=\"color: #028ed0;\">902<\/span>. <\/strong>Un \u00fanic n\u00famero\u00a0en l&#8217;\u00e0mbit nacional\u00a0sense que siguin prefixos provincials.<\/p>\n<p>En funci\u00f3 de la numeraci\u00f3 escollida, el cost de la trucada podr\u00e0 ser assumit per l&#8217;empresa, per l&#8217;emissor, o estar repartit entre tots dos.<\/p>\n<p><span style=\"color: #028ed0;\"><strong>Numeraci\u00f3 900<\/strong><\/span><\/p>\n<p>Se l\u2019anomena cobrament a destinaci\u00f3 autom\u00e0tic. Quan un usuari rep la trucada haur\u00e0 de pagar el cost d\u2019aquesta, mentre que a l&#8217;usuari que realitza la trucada li surt gratis.<\/p>\n<p><span style=\"color: #028ed0;\"><strong>Numeraci\u00f3 901<\/strong><\/span><\/p>\n<p>Se l\u2019anomena pagament compartit. El cost de la trucada \u00e9s compartit entre l&#8217;usuari que realitza la trucada i l&#8217;usuari que la rep.<\/p>\n<p><span style=\"color: #028ed0;\"><strong>Numeraci\u00f3 902<\/strong><\/span><\/p>\n<p>Se l\u2019anomena pagament\u00a0per la trucada. La persona que realitza la trucada \u00e9s el que paga el cost \u00edntegre d\u2019aquesta i la persona que la rep aconsegueix una retribuci\u00f3.<br \/>\n[\/et_pb_text][\/et_pb_column][\/et_pb_row][\/et_pb_section][et_pb_section fb_built=&#8221;1&#8243; prev_background_color=&#8221;#ffffff&#8221; next_background_color=&#8221;#e0e0e0&#8243; admin_label=&#8221;Reservations&#8221; _builder_version=&#8221;3.22.3&#8243; use_background_color_gradient=&#8221;on&#8221; background_color_gradient_start=&#8221;#ffffff&#8221; background_color_gradient_end=&#8221;rgba(38,46,53,0)&#8221; background_color_gradient_direction=&#8221;150deg&#8221; background_color_gradient_start_position=&#8221;25%&#8221; background_color_gradient_overlays_image=&#8221;on&#8221; background_image=&#8221;https:\/\/tictelgrup.com\/wp-content\/uploads\/2019\/03\/902.jpg&#8221; custom_padding=&#8221;5vw|0px|8vw|0px&#8221; top_divider_style=&#8221;wave2&#8243; bottom_divider_style=&#8221;wave2&#8243;][et_pb_row column_structure=&#8221;1_2,1_2&#8243; use_custom_gutter=&#8221;on&#8221; make_equal=&#8221;on&#8221; _builder_version=&#8221;3.25&#8243; min_height=&#8221;100px&#8221;][et_pb_column type=&#8221;1_2&#8243; _builder_version=&#8221;3.25&#8243; custom_padding=&#8221;|||&#8221; custom_padding__hover=&#8221;|||&#8221;][\/et_pb_column][et_pb_column type=&#8221;1_2&#8243; _builder_version=&#8221;3.25&#8243; custom_padding=&#8221;|||&#8221; custom_padding_tablet=&#8221;0px||0px||true&#8221; custom_padding__hover=&#8221;|||&#8221;][\/et_pb_column][\/et_pb_row][\/et_pb_section][et_pb_section fb_built=&#8221;1&#8243; disabled_on=&#8221;off|off|&#8221; _builder_version=&#8221;3.22.5&#8243; background_color=&#8221;#e0e0e0&#8243; z_index_tablet=&#8221;500&#8243; global_module=&#8221;542&#8243;][et_pb_row column_structure=&#8221;1_4,1_4,1_4,1_4&#8243; _builder_version=&#8221;3.25&#8243; background_size=&#8221;initial&#8221; background_position=&#8221;top_left&#8221; background_repeat=&#8221;repeat&#8221;][et_pb_column type=&#8221;1_4&#8243; _builder_version=&#8221;3.25&#8243; custom_padding=&#8221;|||&#8221; custom_padding__hover=&#8221;|||&#8221;][et_pb_image src=&#8221;https:\/\/tictelgrup.com\/wp-content\/uploads\/2019\/01\/logo.png&#8221; align_tablet=&#8221;center&#8221; align_last_edited=&#8221;on|desktop&#8221; _builder_version=&#8221;3.24&#8243;][\/et_pb_image][\/et_pb_column][et_pb_column type=&#8221;1_4&#8243; _builder_version=&#8221;3.25&#8243; custom_padding=&#8221;|||&#8221; custom_padding__hover=&#8221;|||&#8221;][et_pb_text _builder_version=&#8221;3.24&#8243; text_font=&#8221;Montserrat|300|||||||&#8221; text_text_color=&#8221;#000000&#8243; text_line_height=&#8221;1.1em&#8221; header_3_font=&#8221;Montserrat||||||||&#8221; header_3_text_color=&#8221;#7c7c7c&#8221; header_3_font_size=&#8221;14px&#8221;]<\/p>\n<h3 style=\"text-align: center;\">OFICINA GIRONA<\/h3>\n<p style=\"text-align: center;\">Pedret, 111 Baixos<\/p>\n<p style=\"text-align: center;\">17007 Girona<\/p>\n<p style=\"text-align: center;\"><a href=\"tel:972095945\">972 09 59 45<\/a><\/p>\n<p style=\"text-align: center;\"><a href=\"mailto:hola@tictelgrup.com\">hola@tictelgrup.com<\/a><\/p>\n<p>[\/et_pb_text][\/et_pb_column][et_pb_column type=&#8221;1_4&#8243; _builder_version=&#8221;3.25&#8243; custom_padding=&#8221;|||&#8221; custom_padding__hover=&#8221;|||&#8221;][et_pb_text _builder_version=&#8221;3.24&#8243; text_font=&#8221;Montserrat|300|||||||&#8221; text_text_align=&#8221;center&#8221; text_text_color=&#8221;#000000&#8243; text_line_height=&#8221;1.1em&#8221; header_3_font=&#8221;Montserrat||||||||&#8221; header_3_text_color=&#8221;#7c7c7c&#8221; header_3_font_size=&#8221;14px&#8221;]<\/p>\n<h3>OFICINA BARCELONA<\/h3>\n<p>C\/ del Mas Durant, 64<\/p>\n<p>08042 Barcelona<\/p>\n<p><a href=\"tel:935952555\">93 595 25 55<\/a><\/p>\n<p><a href=\"mailto:hola@tictelgrup.com\">hola@tictelgrup.com<\/a><\/p>\n<p>[\/et_pb_text][\/et_pb_column][et_pb_column type=&#8221;1_4&#8243; _builder_version=&#8221;3.25&#8243; custom_padding=&#8221;|||&#8221; custom_padding__hover=&#8221;|||&#8221;][et_pb_text _builder_version=&#8221;3.24&#8243; text_font=&#8221;Montserrat|300|||||||&#8221; text_text_align=&#8221;center&#8221; text_text_color=&#8221;#000000&#8243; text_line_height=&#8221;1.1em&#8221; header_3_font=&#8221;Montserrat||||||||&#8221; header_3_text_color=&#8221;#7c7c7c&#8221; header_3_font_size=&#8221;14px&#8221;]Membres de la Associaci\u00f3 d\u2019Empresaris[\/et_pb_text][et_pb_image src=&#8221;https:\/\/tictelgrup.com\/wp-content\/uploads\/2019\/01\/aee.png&#8221; url=&#8221;http:\/\/www.aeeg.cat\/ca\/&#8221; url_new_window=&#8221;on&#8221; align_tablet=&#8221;center&#8221; align_last_edited=&#8221;on|desktop&#8221; _builder_version=&#8221;3.24&#8243;][\/et_pb_image][\/et_pb_column][\/et_pb_row][\/et_pb_section]<\/p>\n","protected":false},"excerpt":{"rendered":"<p>Numeraci\u00f3 902Numeraci\u00f3 especial Xarxa Intel\u00b7ligent Amb els serveis de numeraci\u00f3 especial de xarxa intel\u00b7ligent (RI) podr\u00e0s disposar d&#8217;un \u00fanic n\u00famero de contacte, que no mostri una localitzaci\u00f3 geogr\u00e0fica i que sigui f\u00e0cil de recordar per al client. Consisteix en el desviament de les trucades entrants cap a altres n\u00fameros de la xarxa p\u00fablica. \u00c9s a [&hellip;]<\/p>\n","protected":false},"author":2,"featured_media":0,"parent":0,"menu_order":0,"comment_status":"closed","ping_status":"closed","template":"","meta":{"_et_pb_use_builder":"on","_et_pb_old_content":"","_et_gb_content_width":"","_monsterinsights_skip_tracking":false,"_monsterinsights_sitenote_active":false,"_monsterinsights_sitenote_note":"","_monsterinsights_sitenote_category":0,"_joinchat":[],"footnotes":""},"class_list":["post-2006","page","type-page","status-publish","hentry"],"yoast_head":"<!-- This site is optimized with the Yoast SEO plugin v27.1.1 - https:\/\/yoast.com\/product\/yoast-seo-wordpress\/ -->\n<title>Numeraci\u00f3 902 &#8226; Tictel Grup<\/title>\n<meta name=\"description\" content=\"Amb els serveis de numeraci\u00f3 especial de xarxa intel\u00b7ligent (RI) podr\u00e0s disposar d&#039;un \u00fanic n\u00famero de contacte.\" \/>\n<meta name=\"robots\" content=\"index, follow, max-snippet:-1, max-image-preview:large, max-video-preview:-1\" \/>\n<link rel=\"canonical\" href=\"https:\/\/tictelgrup.com\/ca\/numeracio-902\/\" \/>\n<meta property=\"og:locale\" content=\"ca_ES\" \/>\n<meta property=\"og:type\" content=\"article\" \/>\n<meta property=\"og:title\" content=\"Numeraci\u00f3 902 &#8226; Tictel Grup\" \/>\n<meta property=\"og:description\" content=\"Amb els serveis de numeraci\u00f3 especial de xarxa intel\u00b7ligent (RI) podr\u00e0s disposar d&#039;un \u00fanic n\u00famero de contacte.\" \/>\n<meta property=\"og:url\" content=\"https:\/\/tictelgrup.com\/ca\/numeracio-902\/\" \/>\n<meta property=\"og:site_name\" content=\"Tictel Grup\" \/>\n<meta property=\"article:publisher\" content=\"https:\/\/www.facebook.com\/TictelGrup\/\" \/>\n<meta name=\"twitter:card\" content=\"summary_large_image\" \/>\n<meta name=\"twitter:label1\" content=\"Temps estimat de lectura\" \/>\n\t<meta name=\"twitter:data1\" content=\"4 minuts\" \/>\n<script type=\"application\/ld+json\" class=\"yoast-schema-graph\">{\"@context\":\"https:\/\/schema.org\",\"@graph\":[{\"@type\":\"WebPage\",\"@id\":\"https:\/\/tictelgrup.com\/ca\/numeracio-902\/\",\"url\":\"https:\/\/tictelgrup.com\/ca\/numeracio-902\/\",\"name\":\"Numeraci\u00f3 902 &#8226; Tictel Grup\",\"isPartOf\":{\"@id\":\"https:\/\/tictelgrup.com\/ca\/#website\"},\"datePublished\":\"2019-09-04T11:21:30+00:00\",\"description\":\"Amb els serveis de numeraci\u00f3 especial de xarxa intel\u00b7ligent (RI) podr\u00e0s disposar d'un \u00fanic n\u00famero de contacte.\",\"breadcrumb\":{\"@id\":\"https:\/\/tictelgrup.com\/ca\/numeracio-902\/#breadcrumb\"},\"inLanguage\":\"ca\",\"potentialAction\":[{\"@type\":\"ReadAction\",\"target\":[\"https:\/\/tictelgrup.com\/ca\/numeracio-902\/\"]}]},{\"@type\":\"BreadcrumbList\",\"@id\":\"https:\/\/tictelgrup.com\/ca\/numeracio-902\/#breadcrumb\",\"itemListElement\":[{\"@type\":\"ListItem\",\"position\":1,\"name\":\"Portada\",\"item\":\"https:\/\/tictelgrup.com\/ca\/?lang=ca\"},{\"@type\":\"ListItem\",\"position\":2,\"name\":\"Numeraci\u00f3 902\"}]},{\"@type\":\"WebSite\",\"@id\":\"https:\/\/tictelgrup.com\/ca\/#website\",\"url\":\"https:\/\/tictelgrup.com\/ca\/\",\"name\":\"Tictel Grup\",\"description\":\"\",\"publisher\":{\"@id\":\"https:\/\/tictelgrup.com\/ca\/#organization\"},\"potentialAction\":[{\"@type\":\"SearchAction\",\"target\":{\"@type\":\"EntryPoint\",\"urlTemplate\":\"https:\/\/tictelgrup.com\/ca\/?s={search_term_string}\"},\"query-input\":{\"@type\":\"PropertyValueSpecification\",\"valueRequired\":true,\"valueName\":\"search_term_string\"}}],\"inLanguage\":\"ca\"},{\"@type\":\"Organization\",\"@id\":\"https:\/\/tictelgrup.com\/ca\/#organization\",\"name\":\"TicTel Grup\",\"url\":\"https:\/\/tictelgrup.com\/ca\/\",\"logo\":{\"@type\":\"ImageObject\",\"inLanguage\":\"ca\",\"@id\":\"https:\/\/tictelgrup.com\/ca\/#\/schema\/logo\/image\/\",\"url\":\"https:\/\/tictelgrup.com\/wp-content\/uploads\/2019\/01\/logo.png\",\"contentUrl\":\"https:\/\/tictelgrup.com\/wp-content\/uploads\/2019\/01\/logo.png\",\"width\":167,\"height\":109,\"caption\":\"TicTel Grup\"},\"image\":{\"@id\":\"https:\/\/tictelgrup.com\/ca\/#\/schema\/logo\/image\/\"},\"sameAs\":[\"https:\/\/www.facebook.com\/TictelGrup\/\"]}]}<\/script>\n<!-- \/ Yoast SEO plugin. -->","yoast_head_json":{"title":"Numeraci\u00f3 902 &#8226; Tictel Grup","description":"Amb els serveis de numeraci\u00f3 especial de xarxa intel\u00b7ligent (RI) podr\u00e0s disposar d'un \u00fanic n\u00famero de contacte.","robots":{"index":"index","follow":"follow","max-snippet":"max-snippet:-1","max-image-preview":"max-image-preview:large","max-video-preview":"max-video-preview:-1"},"canonical":"https:\/\/tictelgrup.com\/ca\/numeracio-902\/","og_locale":"ca_ES","og_type":"article","og_title":"Numeraci\u00f3 902 &#8226; Tictel Grup","og_description":"Amb els serveis de numeraci\u00f3 especial de xarxa intel\u00b7ligent (RI) podr\u00e0s disposar d'un \u00fanic n\u00famero de contacte.","og_url":"https:\/\/tictelgrup.com\/ca\/numeracio-902\/","og_site_name":"Tictel Grup","article_publisher":"https:\/\/www.facebook.com\/TictelGrup\/","twitter_card":"summary_large_image","twitter_misc":{"Temps estimat de lectura":"4 minuts"},"schema":{"@context":"https:\/\/schema.org","@graph":[{"@type":"WebPage","@id":"https:\/\/tictelgrup.com\/ca\/numeracio-902\/","url":"https:\/\/tictelgrup.com\/ca\/numeracio-902\/","name":"Numeraci\u00f3 902 &#8226; Tictel Grup","isPartOf":{"@id":"https:\/\/tictelgrup.com\/ca\/#website"},"datePublished":"2019-09-04T11:21:30+00:00","description":"Amb els serveis de numeraci\u00f3 especial de xarxa intel\u00b7ligent (RI) podr\u00e0s disposar d'un \u00fanic n\u00famero de contacte.","breadcrumb":{"@id":"https:\/\/tictelgrup.com\/ca\/numeracio-902\/#breadcrumb"},"inLanguage":"ca","potentialAction":[{"@type":"ReadAction","target":["https:\/\/tictelgrup.com\/ca\/numeracio-902\/"]}]},{"@type":"BreadcrumbList","@id":"https:\/\/tictelgrup.com\/ca\/numeracio-902\/#breadcrumb","itemListElement":[{"@type":"ListItem","position":1,"name":"Portada","item":"https:\/\/tictelgrup.com\/ca\/?lang=ca"},{"@type":"ListItem","position":2,"name":"Numeraci\u00f3 902"}]},{"@type":"WebSite","@id":"https:\/\/tictelgrup.com\/ca\/#website","url":"https:\/\/tictelgrup.com\/ca\/","name":"Tictel Grup","description":"","publisher":{"@id":"https:\/\/tictelgrup.com\/ca\/#organization"},"potentialAction":[{"@type":"SearchAction","target":{"@type":"EntryPoint","urlTemplate":"https:\/\/tictelgrup.com\/ca\/?s={search_term_string}"},"query-input":{"@type":"PropertyValueSpecification","valueRequired":true,"valueName":"search_term_string"}}],"inLanguage":"ca"},{"@type":"Organization","@id":"https:\/\/tictelgrup.com\/ca\/#organization","name":"TicTel Grup","url":"https:\/\/tictelgrup.com\/ca\/","logo":{"@type":"ImageObject","inLanguage":"ca","@id":"https:\/\/tictelgrup.com\/ca\/#\/schema\/logo\/image\/","url":"https:\/\/tictelgrup.com\/wp-content\/uploads\/2019\/01\/logo.png","contentUrl":"https:\/\/tictelgrup.com\/wp-content\/uploads\/2019\/01\/logo.png","width":167,"height":109,"caption":"TicTel Grup"},"image":{"@id":"https:\/\/tictelgrup.com\/ca\/#\/schema\/logo\/image\/"},"sameAs":["https:\/\/www.facebook.com\/TictelGrup\/"]}]}},"_links":{"self":[{"href":"https:\/\/tictelgrup.com\/ca\/wp-json\/wp\/v2\/pages\/2006","targetHints":{"allow":["GET"]}}],"collection":[{"href":"https:\/\/tictelgrup.com\/ca\/wp-json\/wp\/v2\/pages"}],"about":[{"href":"https:\/\/tictelgrup.com\/ca\/wp-json\/wp\/v2\/types\/page"}],"author":[{"embeddable":true,"href":"https:\/\/tictelgrup.com\/ca\/wp-json\/wp\/v2\/users\/2"}],"replies":[{"embeddable":true,"href":"https:\/\/tictelgrup.com\/ca\/wp-json\/wp\/v2\/comments?post=2006"}],"version-history":[{"count":1,"href":"https:\/\/tictelgrup.com\/ca\/wp-json\/wp\/v2\/pages\/2006\/revisions"}],"predecessor-version":[{"id":2007,"href":"https:\/\/tictelgrup.com\/ca\/wp-json\/wp\/v2\/pages\/2006\/revisions\/2007"}],"wp:attachment":[{"href":"https:\/\/tictelgrup.com\/ca\/wp-json\/wp\/v2\/media?parent=2006"}],"curies":[{"name":"wp","href":"https:\/\/api.w.org\/{rel}","templated":true}]}}