{"id":2019,"date":"2019-09-05T08:25:41","date_gmt":"2019-09-05T06:25:41","guid":{"rendered":"https:\/\/tictelgrup.com\/controls-dacces-i-presencia\/"},"modified":"2023-10-05T15:17:27","modified_gmt":"2023-10-05T13:17:27","slug":"controls-dacces-i-presencia","status":"publish","type":"page","link":"https:\/\/tictelgrup.com\/ca\/controls-dacces-i-presencia\/","title":{"rendered":"Controls d&#8217;acc\u00e9s i pres\u00e8ncia"},"content":{"rendered":"<p>[et_pb_section fb_built=&#8221;1&#8243; fullwidth=&#8221;on&#8221; next_background_color=&#8221;#ffffff&#8221; _builder_version=&#8221;4.16&#8243; background_image=&#8221;https:\/\/tictelgrup.com\/wp-content\/uploads\/2019\/01\/Soluciones.jpg&#8221; bottom_divider_style=&#8221;wave2&#8243; global_colors_info=&#8221;{}&#8221;][et_pb_fullwidth_image src=&#8221;https:\/\/tictelgrup.com\/wp-content\/uploads\/2019\/01\/apartado-control.jpg&#8221; _builder_version=&#8221;4.16&#8243; global_colors_info=&#8221;{}&#8221;][\/et_pb_fullwidth_image][\/et_pb_section][et_pb_section fb_built=&#8221;1&#8243; custom_padding_last_edited=&#8221;on|desktop&#8221; admin_label=&#8221;F.A.Q.&#8221; _builder_version=&#8221;4.16&#8243; custom_padding=&#8221;54px|0px|100px|0px|false|false&#8221; custom_padding_tablet=&#8221;&#8221; custom_padding_phone=&#8221;0px||&#8221; global_colors_info=&#8221;{}&#8221;][et_pb_row _builder_version=&#8221;4.16&#8243; global_colors_info=&#8221;{}&#8221;][et_pb_column type=&#8221;4_4&#8243; _builder_version=&#8221;4.16&#8243; custom_padding=&#8221;|||&#8221; global_colors_info=&#8221;{}&#8221; custom_padding__hover=&#8221;|||&#8221;][et_pb_text _builder_version=&#8221;4.16&#8243; text_line_height=&#8221;2em&#8221; header_font=&#8221;||||||||&#8221; header_text_color=&#8221;#008ad2 &#8221; header_font_size=&#8221;28px&#8221; header_2_font=&#8221;Montserrat|600|||||||&#8221; header_2_text_color=&#8221;#008ad2&#8243; header_2_font_size=&#8221;40px&#8221; header_2_line_height=&#8221;1.4em&#8221; header_3_font=&#8221;Poppins|600||on|||||&#8221; header_3_text_color=&#8221;#ff885a&#8221; header_3_font_size=&#8221;13px&#8221; header_3_letter_spacing=&#8221;2px&#8221; header_3_line_height=&#8221;1.8em&#8221; text_orientation=&#8221;center&#8221; max_width=&#8221;700px&#8221; module_alignment=&#8221;center&#8221; header_2_font_size_tablet=&#8221;26px&#8221; header_2_font_size_phone=&#8221;20px&#8221; header_2_font_size_last_edited=&#8221;on|phone&#8221; locked=&#8221;off&#8221; global_colors_info=&#8221;{}&#8221;]<\/p>\n<h1 style=\"text-align: center;\"><strong><br \/>\nControls d&#8217;acc\u00e9s, control presencial<\/strong><\/h1>\n<p>[\/et_pb_text][et_pb_text _builder_version=&#8221;4.16&#8243; text_font=&#8221;Montserrat|300|||||||&#8221; text_text_color=&#8221;#797979&#8243; text_line_height=&#8221;1.9em&#8221; header_font=&#8221;Montserrat|600|||||||&#8221; header_text_align=&#8221;center&#8221; header_text_color=&#8221;#028ed0&#8243; global_colors_info=&#8221;{}&#8221;]Poder registrar les entrades i sortides dels usuaris en un establiment, monitorar les zones restringides, tenir control sobre el moviment dels vehicles, o simplement saber quin personal o visitants freq\u00fcenten les instal\u00b7lacions, ens ajuda a establir un major control i seguretat de qualsevol negoci.<\/p>\n<p>A <strong>Tictel Grup<\/strong> estem especialitzats en la instal\u00b7laci\u00f3 de controls d\u2019acc\u00e9s i de pres\u00e8ncia, sigui quina sigui la grand\u00e0ria de la teva empresa o comer\u00e7.<br \/>\n[\/et_pb_text][\/et_pb_column][\/et_pb_row][et_pb_row _builder_version=&#8221;4.16&#8243; global_colors_info=&#8221;{}&#8221;][et_pb_column type=&#8221;4_4&#8243; _builder_version=&#8221;4.16&#8243; custom_padding=&#8221;|||&#8221; global_colors_info=&#8221;{}&#8221; custom_padding__hover=&#8221;|||&#8221;][et_pb_text admin_label=&#8221;\u00bfQu\u00e9 es el control de accesos?&#8221; _builder_version=&#8221;4.16&#8243; text_line_height=&#8221;2em&#8221; header_2_font=&#8221;Montserrat|600|||||||&#8221; header_2_text_color=&#8221;#008ad2&#8243; header_2_font_size=&#8221;40px&#8221; header_2_line_height=&#8221;1.4em&#8221; header_3_font=&#8221;Poppins|600||on|||||&#8221; header_3_text_color=&#8221;#ff885a&#8221; header_3_font_size=&#8221;13px&#8221; header_3_letter_spacing=&#8221;2px&#8221; header_3_line_height=&#8221;1.8em&#8221; text_orientation=&#8221;center&#8221; max_width=&#8221;700px&#8221; module_alignment=&#8221;center&#8221; header_2_font_size_tablet=&#8221;26px&#8221; header_2_font_size_phone=&#8221;20px&#8221; header_2_font_size_last_edited=&#8221;on|phone&#8221; locked=&#8221;off&#8221; global_colors_info=&#8221;{}&#8221;]<\/p>\n<h2 style=\"text-align: center;\"><strong><sub>Qu\u00e8 \u00e9s el control d\u2019accessos?<\/sub><\/strong><\/h2>\n<p>[\/et_pb_text][et_pb_text _builder_version=&#8221;4.16&#8243; text_font=&#8221;Montserrat|300|||||||&#8221; text_text_color=&#8221;#797979&#8243; text_line_height=&#8221;1.9em&#8221; header_font=&#8221;Montserrat|600|||||||&#8221; header_text_align=&#8221;center&#8221; header_text_color=&#8221;#028ed0&#8243; global_colors_info=&#8221;{}&#8221;]Un control d\u2019accessos no \u00e9s res m\u00e9s que un mecanisme que en funci\u00f3 de la <strong>identificaci\u00f3 autentificada<\/strong> permet accedir a recintes, dades o recursos. B\u00e0sicament son dispositius que envien senyal al pany de la porta perqu\u00e8 s\u2019obri.<\/p>\n<p>Una soluci\u00f3 de Control d\u2019Accessos ha de permetre configurar els drets d\u2019acc\u00e9s per als grups d\u2019usuaris f\u00e0cilment, aix\u00ed com definit <strong>\u00e0rees segures<\/strong> dins del recinte.<\/p>\n<p>D\u2019aquesta manera pot vincular el control d\u2019accessos\u00a0 amb el control de pres\u00e8ncia, el control d\u2019errants, el sistema de v\u00eddeo vigil\u00e0ncia i CCTV i el control de pas, aix\u00ed com de barreres, pilones i torns.<br \/>\n[\/et_pb_text][\/et_pb_column][\/et_pb_row][et_pb_row _builder_version=&#8221;4.16&#8243; global_colors_info=&#8221;{}&#8221;][et_pb_column type=&#8221;4_4&#8243; _builder_version=&#8221;4.16&#8243; custom_padding=&#8221;|||&#8221; global_colors_info=&#8221;{}&#8221; custom_padding__hover=&#8221;|||&#8221;][et_pb_text admin_label=&#8221;\u00bfQu\u00e9 es control de presencia?&#8221; _builder_version=&#8221;4.16&#8243; text_line_height=&#8221;2em&#8221; header_2_font=&#8221;Montserrat|600|||||||&#8221; header_2_text_color=&#8221;#008ad2&#8243; header_2_font_size=&#8221;40px&#8221; header_2_line_height=&#8221;1.4em&#8221; header_3_font=&#8221;Poppins|600||on|||||&#8221; header_3_text_color=&#8221;#ff885a&#8221; header_3_font_size=&#8221;13px&#8221; header_3_letter_spacing=&#8221;2px&#8221; header_3_line_height=&#8221;1.8em&#8221; text_orientation=&#8221;center&#8221; max_width=&#8221;700px&#8221; module_alignment=&#8221;center&#8221; header_2_font_size_tablet=&#8221;26px&#8221; header_2_font_size_phone=&#8221;20px&#8221; header_2_font_size_last_edited=&#8221;on|phone&#8221; locked=&#8221;off&#8221; global_colors_info=&#8221;{}&#8221;]<\/p>\n<h2 style=\"text-align: center;\"><strong><sub>Qu\u00e8 \u00e9s control de pres\u00e8ncia?<\/sub><\/strong><\/h2>\n<p>[\/et_pb_text][et_pb_text _builder_version=&#8221;4.16&#8243; text_font=&#8221;Montserrat|300|||||||&#8221; text_text_color=&#8221;#797979&#8243; text_line_height=&#8221;1.9em&#8221; header_font=&#8221;Montserrat|600|||||||&#8221; header_text_align=&#8221;center&#8221; header_text_color=&#8221;#028ed0&#8243; global_colors_info=&#8221;{}&#8221;]Un control de pres\u00e8ncia \u00e9s un sistema capa\u00e7 de <strong>controlar tots els moviments<\/strong> que es produeixen sobre el\/s terminal\/s, calculant d\u2019aquesta manera totes les incid\u00e8ncies que es produeixen en un recinte per generar an\u00e0lisis de temps per qualsevol tipologia de concepte. <strong>Permet per tant:<\/strong><\/p>\n<p>&nbsp;<\/p>\n<ul>\n<li>Control d\u2019incid\u00e8ncies i c\u00e0lcul d\u2019hores per usuari\/per\u00edode de temps.<\/li>\n<li>Definici\u00f3 de calendaris de treball flexibles.<\/li>\n<li>Gesti\u00f3 i control de m\u00faltiples conceptes (hores extres, retards, etc.).<\/li>\n<li>Imputaci\u00f3 de costos de cada treballador a diferents departaments de l\u2019empresa.<\/li>\n<li>Obtenci\u00f3 de llistats per m\u00faltiples conceptes.<\/li>\n<li>Estad\u00edstiques de pres\u00e8ncia&#8230;<\/li>\n<\/ul>\n<p>[\/et_pb_text][\/et_pb_column][\/et_pb_row][\/et_pb_section][et_pb_section fb_built=&#8221;1&#8243; prev_background_color=&#8221;#ffffff&#8221; next_background_color=&#8221;#e0e0e0&#8243; admin_label=&#8221;Reservations&#8221; _builder_version=&#8221;4.16&#8243; use_background_color_gradient=&#8221;on&#8221; background_color_gradient_direction=&#8221;150deg&#8221; background_color_gradient_stops=&#8221;#ffffff 25%|rgba(38,46,53,0) 100%&#8221; background_color_gradient_overlays_image=&#8221;on&#8221; background_color_gradient_start=&#8221;#ffffff&#8221; background_color_gradient_start_position=&#8221;25%&#8221; background_color_gradient_end=&#8221;rgba(38,46,53,0)&#8221; background_image=&#8221;https:\/\/tictelgrup.com\/wp-content\/uploads\/2019\/01\/apartado-control.jpg&#8221; custom_padding=&#8221;5vw|0px|8vw|0px&#8221; top_divider_style=&#8221;wave2&#8243; bottom_divider_style=&#8221;wave2&#8243; global_colors_info=&#8221;{}&#8221;][et_pb_row _builder_version=&#8221;4.16&#8243; min_height=&#8221;100px&#8221; global_colors_info=&#8221;{}&#8221;][\/et_pb_row][\/et_pb_section][et_pb_section fb_built=&#8221;1&#8243; disabled_on=&#8221;off|off|&#8221; _builder_version=&#8221;4.16&#8243; background_color=&#8221;#e0e0e0&#8243; z_index_tablet=&#8221;500&#8243; global_colors_info=&#8221;{}&#8221;][et_pb_row column_structure=&#8221;1_4,1_4,1_4,1_4&#8243; _builder_version=&#8221;4.16&#8243; background_size=&#8221;initial&#8221; background_position=&#8221;top_left&#8221; background_repeat=&#8221;repeat&#8221; global_colors_info=&#8221;{}&#8221;][et_pb_column type=&#8221;1_4&#8243; _builder_version=&#8221;4.16&#8243; custom_padding=&#8221;|||&#8221; global_colors_info=&#8221;{}&#8221; custom_padding__hover=&#8221;|||&#8221;][et_pb_image src=&#8221;https:\/\/tictelgrup.com\/wp-content\/uploads\/2019\/01\/logo.png&#8221; align_tablet=&#8221;center&#8221; align_phone=&#8221;&#8221; align_last_edited=&#8221;on|desktop&#8221; _builder_version=&#8221;4.16&#8243; global_colors_info=&#8221;{}&#8221;][\/et_pb_image][\/et_pb_column][et_pb_column type=&#8221;1_4&#8243; _builder_version=&#8221;4.16&#8243; custom_padding=&#8221;|||&#8221; global_colors_info=&#8221;{}&#8221; custom_padding__hover=&#8221;|||&#8221;][et_pb_text _builder_version=&#8221;4.21.0&#8243; text_font=&#8221;Montserrat|300|||||||&#8221; text_text_color=&#8221;#000000&#8243; text_line_height=&#8221;1.1em&#8221; header_3_font=&#8221;Montserrat||||||||&#8221; header_3_text_color=&#8221;#7c7c7c&#8221; header_3_font_size=&#8221;14px&#8221; hover_enabled=&#8221;0&#8243; global_colors_info=&#8221;{}&#8221; sticky_enabled=&#8221;0&#8243;]<\/p>\n<h3 style=\"text-align: center;\">OFICINA GIRONA<\/h3>\n<p style=\"text-align: center;\"><span><span class=\"ui-provider ec bmx bhc bmy bmz bna bnb bnc bnd bne bnf bng bnh bni bnj bnk bnl bnm bnn bno bnp bnq bnr bns bnt bnu bnv bnw bnx bny bnz boa bob boc bod\" dir=\"ltr\">C\/ Mas Plent\u00eds, 14b<\/span><\/span><\/p>\n<p style=\"text-align: center;\"><span><span class=\"ui-provider ec bmx bhc bmy bmz bna bnb bnc bnd bne bnf bng bnh bni bnj bnk bnl bnm bnn bno bnp bnq bnr bns bnt bnu bnv bnw bnx bny bnz boa bob boc bod\" dir=\"ltr\">17458 Fornells de la Selva<\/span><\/span><\/p>\n<p style=\"text-align: center;\"><a href=\"tel:972095945\">972 09 59 45<\/a><\/p>\n<p style=\"text-align: center;\"><a href=\"mailto:hola@tictelgrup.com\">hola@tictelgrup.com<\/a><\/p>\n<p>[\/et_pb_text][\/et_pb_column][et_pb_column type=&#8221;1_4&#8243; _builder_version=&#8221;4.16&#8243; custom_padding=&#8221;|||&#8221; global_colors_info=&#8221;{}&#8221; custom_padding__hover=&#8221;|||&#8221;][et_pb_text _builder_version=&#8221;4.16&#8243; text_font=&#8221;Montserrat|300|||||||&#8221; text_text_color=&#8221;#000000&#8243; text_line_height=&#8221;1.1em&#8221; header_3_font=&#8221;Montserrat||||||||&#8221; header_3_text_color=&#8221;#7c7c7c&#8221; header_3_font_size=&#8221;14px&#8221; text_orientation=&#8221;center&#8221; text_text_align=&#8221;center&#8221; global_colors_info=&#8221;{}&#8221;]<\/p>\n<h3>OFICINA BARCELONA<\/h3>\n<p>C\/ del Mas Durant, 64<\/p>\n<p>08042 Barcelona<\/p>\n<p><a href=\"tel:935952555\">93 595 25 55<\/a><\/p>\n<p><a href=\"mailto:hola@tictelgrup.com\">hola@tictelgrup.com<\/a><\/p>\n<p>[\/et_pb_text][\/et_pb_column][et_pb_column type=&#8221;1_4&#8243; _builder_version=&#8221;4.16&#8243; custom_padding=&#8221;|||&#8221; global_colors_info=&#8221;{}&#8221; custom_padding__hover=&#8221;|||&#8221;][et_pb_text _builder_version=&#8221;4.16&#8243; text_font=&#8221;Montserrat|300|||||||&#8221; text_text_color=&#8221;#000000&#8243; text_line_height=&#8221;1.1em&#8221; header_3_font=&#8221;Montserrat||||||||&#8221; header_3_text_color=&#8221;#7c7c7c&#8221; header_3_font_size=&#8221;14px&#8221; text_orientation=&#8221;center&#8221; text_text_align=&#8221;center&#8221; global_colors_info=&#8221;{}&#8221;]Membres de la Associaci\u00f3 d\u2019Empresaris[\/et_pb_text][et_pb_image src=&#8221;https:\/\/tictelgrup.com\/wp-content\/uploads\/2019\/01\/aee.png&#8221; url=&#8221;http:\/\/www.aeeg.cat\/ca\/&#8221; url_new_window=&#8221;on&#8221; align_tablet=&#8221;center&#8221; align_phone=&#8221;&#8221; align_last_edited=&#8221;on|desktop&#8221; _builder_version=&#8221;4.16&#8243; global_colors_info=&#8221;{}&#8221;][\/et_pb_image][\/et_pb_column][\/et_pb_row][\/et_pb_section]<\/p>\n","protected":false},"excerpt":{"rendered":"<p>Controls d&#8217;acc\u00e9s, control presencialPoder registrar les entrades i sortides dels usuaris en un establiment, monitorar les zones restringides, tenir control sobre el moviment dels vehicles, o simplement saber quin personal o visitants freq\u00fcenten les instal\u00b7lacions, ens ajuda a establir un major control i seguretat de qualsevol negoci. A Tictel Grup estem especialitzats en la instal\u00b7laci\u00f3 [&hellip;]<\/p>\n","protected":false},"author":2,"featured_media":0,"parent":0,"menu_order":0,"comment_status":"closed","ping_status":"closed","template":"","meta":{"_et_pb_use_builder":"on","_et_pb_old_content":"","_et_gb_content_width":"","_monsterinsights_skip_tracking":false,"_monsterinsights_sitenote_active":false,"_monsterinsights_sitenote_note":"","_monsterinsights_sitenote_category":0,"_joinchat":[],"footnotes":""},"class_list":["post-2019","page","type-page","status-publish","hentry"],"yoast_head":"<!-- This site is optimized with the Yoast SEO plugin v27.4 - https:\/\/yoast.com\/product\/yoast-seo-wordpress\/ -->\n<title>Controls d&#039;acc\u00e9s i pres\u00e8ncia &#8226; Tictel Grup<\/title>\n<meta name=\"description\" content=\"Amb els controls d&#039;acc\u00e9s podr\u00e0s registrar les entrades i sortides dels usuaris en un establiment o empresa i monitorar les zones restringides.\" \/>\n<meta name=\"robots\" content=\"index, follow, max-snippet:-1, max-image-preview:large, max-video-preview:-1\" \/>\n<link rel=\"canonical\" href=\"https:\/\/tictelgrup.com\/ca\/controls-dacces-i-presencia\/\" \/>\n<meta property=\"og:locale\" content=\"ca_ES\" \/>\n<meta property=\"og:type\" content=\"article\" \/>\n<meta property=\"og:title\" content=\"Controls d&#039;acc\u00e9s i pres\u00e8ncia &#8226; Tictel Grup\" \/>\n<meta property=\"og:description\" content=\"Amb els controls d&#039;acc\u00e9s podr\u00e0s registrar les entrades i sortides dels usuaris en un establiment o empresa i monitorar les zones restringides.\" \/>\n<meta property=\"og:url\" content=\"https:\/\/tictelgrup.com\/ca\/controls-dacces-i-presencia\/\" \/>\n<meta property=\"og:site_name\" content=\"Tictel Grup\" \/>\n<meta property=\"article:publisher\" content=\"https:\/\/www.facebook.com\/TictelGrup\/\" \/>\n<meta property=\"article:modified_time\" content=\"2023-10-05T13:17:27+00:00\" \/>\n<meta name=\"twitter:card\" content=\"summary_large_image\" \/>\n<meta name=\"twitter:label1\" content=\"Temps estimat de lectura\" \/>\n\t<meta name=\"twitter:data1\" content=\"6 minuts\" \/>\n<script type=\"application\/ld+json\" class=\"yoast-schema-graph\">{\"@context\":\"https:\\\/\\\/schema.org\",\"@graph\":[{\"@type\":\"WebPage\",\"@id\":\"https:\\\/\\\/tictelgrup.com\\\/ca\\\/controls-dacces-i-presencia\\\/\",\"url\":\"https:\\\/\\\/tictelgrup.com\\\/ca\\\/controls-dacces-i-presencia\\\/\",\"name\":\"Controls d'acc\u00e9s i pres\u00e8ncia &#8226; Tictel Grup\",\"isPartOf\":{\"@id\":\"https:\\\/\\\/tictelgrup.com\\\/ca\\\/#website\"},\"datePublished\":\"2019-09-05T06:25:41+00:00\",\"dateModified\":\"2023-10-05T13:17:27+00:00\",\"description\":\"Amb els controls d'acc\u00e9s podr\u00e0s registrar les entrades i sortides dels usuaris en un establiment o empresa i monitorar les zones restringides.\",\"breadcrumb\":{\"@id\":\"https:\\\/\\\/tictelgrup.com\\\/ca\\\/controls-dacces-i-presencia\\\/#breadcrumb\"},\"inLanguage\":\"ca\",\"potentialAction\":[{\"@type\":\"ReadAction\",\"target\":[\"https:\\\/\\\/tictelgrup.com\\\/ca\\\/controls-dacces-i-presencia\\\/\"]}]},{\"@type\":\"BreadcrumbList\",\"@id\":\"https:\\\/\\\/tictelgrup.com\\\/ca\\\/controls-dacces-i-presencia\\\/#breadcrumb\",\"itemListElement\":[{\"@type\":\"ListItem\",\"position\":1,\"name\":\"Portada\",\"item\":\"https:\\\/\\\/tictelgrup.com\\\/ca\\\/?lang=ca\"},{\"@type\":\"ListItem\",\"position\":2,\"name\":\"Controls d&#8217;acc\u00e9s i pres\u00e8ncia\"}]},{\"@type\":\"WebSite\",\"@id\":\"https:\\\/\\\/tictelgrup.com\\\/ca\\\/#website\",\"url\":\"https:\\\/\\\/tictelgrup.com\\\/ca\\\/\",\"name\":\"Tictel Grup\",\"description\":\"\",\"publisher\":{\"@id\":\"https:\\\/\\\/tictelgrup.com\\\/ca\\\/#organization\"},\"potentialAction\":[{\"@type\":\"SearchAction\",\"target\":{\"@type\":\"EntryPoint\",\"urlTemplate\":\"https:\\\/\\\/tictelgrup.com\\\/ca\\\/?s={search_term_string}\"},\"query-input\":{\"@type\":\"PropertyValueSpecification\",\"valueRequired\":true,\"valueName\":\"search_term_string\"}}],\"inLanguage\":\"ca\"},{\"@type\":\"Organization\",\"@id\":\"https:\\\/\\\/tictelgrup.com\\\/ca\\\/#organization\",\"name\":\"TicTel Grup\",\"url\":\"https:\\\/\\\/tictelgrup.com\\\/ca\\\/\",\"logo\":{\"@type\":\"ImageObject\",\"inLanguage\":\"ca\",\"@id\":\"https:\\\/\\\/tictelgrup.com\\\/ca\\\/#\\\/schema\\\/logo\\\/image\\\/\",\"url\":\"https:\\\/\\\/tictelgrup.com\\\/wp-content\\\/uploads\\\/2019\\\/01\\\/logo.png\",\"contentUrl\":\"https:\\\/\\\/tictelgrup.com\\\/wp-content\\\/uploads\\\/2019\\\/01\\\/logo.png\",\"width\":167,\"height\":109,\"caption\":\"TicTel Grup\"},\"image\":{\"@id\":\"https:\\\/\\\/tictelgrup.com\\\/ca\\\/#\\\/schema\\\/logo\\\/image\\\/\"},\"sameAs\":[\"https:\\\/\\\/www.facebook.com\\\/TictelGrup\\\/\"]}]}<\/script>\n<!-- \/ Yoast SEO plugin. -->","yoast_head_json":{"title":"Controls d'acc\u00e9s i pres\u00e8ncia &#8226; Tictel Grup","description":"Amb els controls d'acc\u00e9s podr\u00e0s registrar les entrades i sortides dels usuaris en un establiment o empresa i monitorar les zones restringides.","robots":{"index":"index","follow":"follow","max-snippet":"max-snippet:-1","max-image-preview":"max-image-preview:large","max-video-preview":"max-video-preview:-1"},"canonical":"https:\/\/tictelgrup.com\/ca\/controls-dacces-i-presencia\/","og_locale":"ca_ES","og_type":"article","og_title":"Controls d'acc\u00e9s i pres\u00e8ncia &#8226; Tictel Grup","og_description":"Amb els controls d'acc\u00e9s podr\u00e0s registrar les entrades i sortides dels usuaris en un establiment o empresa i monitorar les zones restringides.","og_url":"https:\/\/tictelgrup.com\/ca\/controls-dacces-i-presencia\/","og_site_name":"Tictel Grup","article_publisher":"https:\/\/www.facebook.com\/TictelGrup\/","article_modified_time":"2023-10-05T13:17:27+00:00","twitter_card":"summary_large_image","twitter_misc":{"Temps estimat de lectura":"6 minuts"},"schema":{"@context":"https:\/\/schema.org","@graph":[{"@type":"WebPage","@id":"https:\/\/tictelgrup.com\/ca\/controls-dacces-i-presencia\/","url":"https:\/\/tictelgrup.com\/ca\/controls-dacces-i-presencia\/","name":"Controls d'acc\u00e9s i pres\u00e8ncia &#8226; Tictel Grup","isPartOf":{"@id":"https:\/\/tictelgrup.com\/ca\/#website"},"datePublished":"2019-09-05T06:25:41+00:00","dateModified":"2023-10-05T13:17:27+00:00","description":"Amb els controls d'acc\u00e9s podr\u00e0s registrar les entrades i sortides dels usuaris en un establiment o empresa i monitorar les zones restringides.","breadcrumb":{"@id":"https:\/\/tictelgrup.com\/ca\/controls-dacces-i-presencia\/#breadcrumb"},"inLanguage":"ca","potentialAction":[{"@type":"ReadAction","target":["https:\/\/tictelgrup.com\/ca\/controls-dacces-i-presencia\/"]}]},{"@type":"BreadcrumbList","@id":"https:\/\/tictelgrup.com\/ca\/controls-dacces-i-presencia\/#breadcrumb","itemListElement":[{"@type":"ListItem","position":1,"name":"Portada","item":"https:\/\/tictelgrup.com\/ca\/?lang=ca"},{"@type":"ListItem","position":2,"name":"Controls d&#8217;acc\u00e9s i pres\u00e8ncia"}]},{"@type":"WebSite","@id":"https:\/\/tictelgrup.com\/ca\/#website","url":"https:\/\/tictelgrup.com\/ca\/","name":"Tictel Grup","description":"","publisher":{"@id":"https:\/\/tictelgrup.com\/ca\/#organization"},"potentialAction":[{"@type":"SearchAction","target":{"@type":"EntryPoint","urlTemplate":"https:\/\/tictelgrup.com\/ca\/?s={search_term_string}"},"query-input":{"@type":"PropertyValueSpecification","valueRequired":true,"valueName":"search_term_string"}}],"inLanguage":"ca"},{"@type":"Organization","@id":"https:\/\/tictelgrup.com\/ca\/#organization","name":"TicTel Grup","url":"https:\/\/tictelgrup.com\/ca\/","logo":{"@type":"ImageObject","inLanguage":"ca","@id":"https:\/\/tictelgrup.com\/ca\/#\/schema\/logo\/image\/","url":"https:\/\/tictelgrup.com\/wp-content\/uploads\/2019\/01\/logo.png","contentUrl":"https:\/\/tictelgrup.com\/wp-content\/uploads\/2019\/01\/logo.png","width":167,"height":109,"caption":"TicTel Grup"},"image":{"@id":"https:\/\/tictelgrup.com\/ca\/#\/schema\/logo\/image\/"},"sameAs":["https:\/\/www.facebook.com\/TictelGrup\/"]}]}},"_links":{"self":[{"href":"https:\/\/tictelgrup.com\/ca\/wp-json\/wp\/v2\/pages\/2019","targetHints":{"allow":["GET"]}}],"collection":[{"href":"https:\/\/tictelgrup.com\/ca\/wp-json\/wp\/v2\/pages"}],"about":[{"href":"https:\/\/tictelgrup.com\/ca\/wp-json\/wp\/v2\/types\/page"}],"author":[{"embeddable":true,"href":"https:\/\/tictelgrup.com\/ca\/wp-json\/wp\/v2\/users\/2"}],"replies":[{"embeddable":true,"href":"https:\/\/tictelgrup.com\/ca\/wp-json\/wp\/v2\/comments?post=2019"}],"version-history":[{"count":2,"href":"https:\/\/tictelgrup.com\/ca\/wp-json\/wp\/v2\/pages\/2019\/revisions"}],"predecessor-version":[{"id":239986,"href":"https:\/\/tictelgrup.com\/ca\/wp-json\/wp\/v2\/pages\/2019\/revisions\/239986"}],"wp:attachment":[{"href":"https:\/\/tictelgrup.com\/ca\/wp-json\/wp\/v2\/media?parent=2019"}],"curies":[{"name":"wp","href":"https:\/\/api.w.org\/{rel}","templated":true}]}}